{"id":1363,"date":"2025-06-12T22:20:14","date_gmt":"2025-06-12T22:20:14","guid":{"rendered":"https:\/\/www.cienciaydescubrimiento.com\/editorial\/?post_type=product&#038;p=1363"},"modified":"2025-06-12T22:21:58","modified_gmt":"2025-06-12T22:21:58","slug":"raices-y-alas","status":"publish","type":"product","link":"https:\/\/www.cienciaydescubrimiento.com\/editorial\/producto\/raices-y-alas\/","title":{"rendered":"Ra\u00edces y Alas"},"content":{"rendered":"<h2 data-spm-anchor-id=\"a2ty_o01.29997173.0.i37.1503c921HT3VKC\">Ra\u00edces y Alas &#8211; C\u00f3mo la educaci\u00f3n puede empoderar a las nuevas generaciones<\/h2>\n<p>\u00bfAlguna vez has pensado que <strong>la educaci\u00f3n no solo forma mentes, sino tambi\u00e9n almas<\/strong>? \ud83d\udca1\ud83d\udcda<\/p>\n<p>En un mundo lleno de desaf\u00edos y oportunidades, el libro <strong>\u00abRa\u00edces y Alas &#8211; C\u00f3mo la educaci\u00f3n puede empoderar a las nuevas generaciones\u00bb<\/strong>, escrito por <strong>Viviana Aracely Toaquiza Mes\u00edas<\/strong>, <strong>Jhon Omar O\u00f1a Pinargo<\/strong>, <strong>Erika Estefan\u00eda Pa\u00f1o Llugcha <\/strong>y <strong>Kelvin Smith Ch\u00e1vez Toro<\/strong>, llega como una luz gu\u00eda para transformar el sistema educativo desde sus cimientos. \ud83c\udf31\u2728<\/p>\n<p>Este libro no es solo una obra acad\u00e9mica, es una <strong>invitaci\u00f3n a repensar el rol de la educaci\u00f3n en la formaci\u00f3n de identidad, valores y habilidades clave del siglo XXI<\/strong>. Con una mirada humanista, inclusiva y emocional, los autores proponen una educaci\u00f3n que ancle a los j\u00f3venes en sus ra\u00edces culturales y personales, mientras les da alas para so\u00f1ar, volar y construir su propio destino. \ud83d\udd4a\ufe0f\ud83d\udcd8<\/p>\n<p>A trav\u00e9s de cap\u00edtulos pr\u00e1cticos, estrategias pedag\u00f3gicas innovadoras, estudios de caso reales y una profunda reflexi\u00f3n sobre el rol del docente como modelo de vida, este libro se convierte en una herramienta indispensable para <strong>educadores, familias, responsables de pol\u00edticas p\u00fablicas y toda la sociedad interesada en formar ciudadanos libres, cr\u00edticos y empoderados<\/strong>\u00a0\ud83d\udc69\u200d\ud83c\udfeb\ud83d\udc68\u200d\ud83c\udfeb\ud83c\udf0d<\/p>\n<p>\u00a1Es hora de sembrar <strong>ra\u00edces fuertes <\/strong>y dar <strong>alas poderosas <\/strong>a las nuevas generaciones! \ud83d\ude80\ud83c\udf1f<\/p>\n<div class=\"_3d-flip-book  fb3d-fullscreen-mode full-size\" data-id=\"1360\" data-mode=\"fullscreen\" data-title=\"false\" data-template=\"short-white-book-view\" data-lightbox=\"dark-shadow\" data-urlparam=\"fb3d-page\" data-page-n=\"0\" data-pdf=\"\" data-tax=\"null\" data-thumbnail=\"\" data-cols=\"3\" data-book-template=\"default\" data-trigger=\"\"><\/div><script type=\"text\/javascript\">window.FB3D_CLIENT_DATA = window.FB3D_CLIENT_DATA || [];FB3D_CLIENT_DATA.push('eyJwb3N0cyI6eyIxMzYwIjp7IklEIjoxMzYwLCJ0aXRsZSI6IlJhXHUwMGVkY2VzIHkgQWxhcyIsInR5cGUiOiJwZGYiLCJyZWFkeV9mdW5jdGlvbiI6IiIsImJvb2tfc3R5bGUiOiJmbGF0IiwiYm9va190ZW1wbGF0ZSI6Im5vbmUiLCJvdXRsaW5lIjpbXSwiZGF0YSI6eyJwb3N0X0lEIjoiMTM2MSIsImd1aWQiOiJodHRwczpcL1wvd3d3LmNpZW5jaWF5ZGVzY3VicmltaWVudG8uY29tXC9lZGl0b3JpYWxcL3dwLWNvbnRlbnRcL3VwbG9hZHNcLzIwMjVcLzA2XC9SYWljZXMteS1BbGFzX2MucGRmIiwicGRmX3BhZ2VzIjoiMzUwIiwicGFnZXNfY3VzdG9taXphdGlvbiI6Im5vbmUifSwidGh1bWJuYWlsIjp7ImRhdGEiOnsicG9zdF9JRCI6IjAifSwidHlwZSI6ImF1dG8ifSwicHJvcHMiOnsiYmFja2dyb3VuZENvbG9yIjoiYXV0byIsImJhY2tncm91bmRJbWFnZSI6ImF1dG8iLCJiYWNrZ3JvdW5kU3R5bGUiOiJhdXRvIiwiaGlnaGxpZ2h0TGlua3MiOiJhdXRvIiwibGlnaHRpbmciOiJhdXRvIiwic2luZ2xlUGFnZU1vZGUiOiJhdXRvIiwiY2FjaGVkUGFnZXMiOiJhdXRvIiwicmVuZGVySW5hY3RpdmVQYWdlcyI6ImF1dG8iLCJyZW5kZXJJbmFjdGl2ZVBhZ2VzT25Nb2JpbGUiOiJhdXRvIiwicmVuZGVyV2hpbGVGbGlwcGluZyI6ImF1dG8iLCJwcmVsb2FkUGFnZXMiOiJhdXRvIiwiYXV0b1BsYXlEdXJhdGlvbiI6ImF1dG8iLCJydGwiOiJhdXRvIiwiaW50ZXJhY3RpdmVDb3JuZXJzIjoiYXV0byIsIm1heERlcHRoIjoiYXV0byIsInNoZWV0Ijp7InN0YXJ0VmVsb2NpdHkiOiJhdXRvIiwid2F2ZSI6ImF1dG8iLCJzaGFwZSI6ImF1dG8iLCJ3aWR0aFRleGVscyI6ImF1dG8iLCJjb2xvciI6ImF1dG8iLCJzaWRlIjoiYXV0byIsInN0cmV0Y2hJbWFnZXMiOiJhdXRvIiwiY29ybmVyRGV2aWF0aW9uIjoiYXV0byIsImZsZXhpYmlsaXR5IjoiYXV0byIsImZsZXhpYmxlQ29ybmVyIjoiYXV0byIsImJlbmRpbmciOiJhdXRvIiwiaGVpZ2h0VGV4ZWxzIjoiYXV0byJ9LCJjb3ZlciI6eyJ3YXZlIjoiYXV0byIsImNvbG9yIjoiYXV0byIsInNpZGUiOiJhdXRvIiwic3RyZXRjaEltYWdlcyI6ImF1dG8iLCJiaW5kZXJUZXh0dXJlIjoiYXV0byIsImRlcHRoIjoiYXV0byIsInBhZGRpbmciOiJhdXRvIiwic3RhcnRWZWxvY2l0eSI6ImF1dG8iLCJmbGV4aWJpbGl0eSI6ImF1dG8iLCJmbGV4aWJsZUNvcm5lciI6ImF1dG8iLCJiZW5kaW5nIjoiYXV0byIsIndpZHRoVGV4ZWxzIjoiYXV0byIsImhlaWdodFRleGVscyI6ImF1dG8iLCJtYXNzIjoiYXV0byIsInNoYXBlIjoiYXV0byJ9LCJwYWdlIjp7IndhdmUiOiJhdXRvIiwiY29sb3IiOiJhdXRvIiwic2lkZSI6ImF1dG8iLCJzdHJldGNoSW1hZ2VzIjoiYXV0byIsImRlcHRoIjoiYXV0byIsInN0YXJ0VmVsb2NpdHkiOiJhdXRvIiwiZmxleGliaWxpdHkiOiJhdXRvIiwiZmxleGlibGVDb3JuZXIiOiJhdXRvIiwiYmVuZGluZyI6ImF1dG8iLCJ3aWR0aFRleGVscyI6ImF1dG8iLCJoZWlnaHRUZXhlbHMiOiJhdXRvIiwibWFzcyI6ImF1dG8iLCJzaGFwZSI6ImF1dG8ifSwiaGVpZ2h0IjoiYXV0byIsIndpZHRoIjoiYXV0byIsImdyYXZpdHkiOiJhdXRvIiwicGFnZXNGb3JQcmVkaWN0aW5nIjoiYXV0byJ9LCJjb250cm9sUHJvcHMiOnsiYWN0aW9ucyI6eyJjbWRUb2MiOnsiZW5hYmxlZCI6ImF1dG8iLCJlbmFibGVkSW5OYXJyb3ciOiJhdXRvIiwiYWN0aXZlIjoiYXV0byIsImRlZmF1bHRUYWIiOiJhdXRvIn0sImNtZEF1dG9QbGF5Ijp7ImVuYWJsZWQiOiJhdXRvIiwiZW5hYmxlZEluTmFycm93IjoiYXV0byIsImFjdGl2ZSI6ImF1dG8ifSwiY21kU2F2ZSI6eyJlbmFibGVkIjoiYXV0byIsImVuYWJsZWRJbk5hcnJvdyI6ImF1dG8ifSwiY21kUHJpbnQiOnsiZW5hYmxlZCI6ImF1dG8iLCJlbmFibGVkSW5OYXJyb3ciOiJhdXRvIn0sImNtZFNpbmdsZVBhZ2UiOnsiZW5hYmxlZCI6ImF1dG8iLCJlbmFibGVkSW5OYXJyb3ciOiJhdXRvIiwiYWN0aXZlIjoiYXV0byIsImFjdGl2ZUZvck1vYmlsZSI6ImF1dG8ifSwid2lkVG9vbGJhciI6eyJlbmFibGVkIjoiYXV0byIsImVuYWJsZWRJbk5hcnJvdyI6ImF1dG8ifX19LCJhdXRvVGh1bWJuYWlsIjoiaHR0cHM6XC9cL3d3dy5jaWVuY2lheWRlc2N1YnJpbWllbnRvLmNvbVwvZWRpdG9yaWFsXC93cC1jb250ZW50XC91cGxvYWRzXC8zZC1mbGlwLWJvb2tcL2F1dG8tdGh1bWJuYWlsc1wvMTM2MC5wbmciLCJwb3N0X25hbWUiOiJyYWljZXMteS1hbGFzIiwicG9zdF90eXBlIjoiM2QtZmxpcC1ib29rIn19LCJwYWdlcyI6W10sImZpcnN0UGFnZXMiOltdfQ==');window.FB3D_CLIENT_LOCALE && FB3D_CLIENT_LOCALE.render && FB3D_CLIENT_LOCALE.render();<\/script>\n","protected":false},"excerpt":{"rendered":"<p>Descubre c\u00f3mo <em>\u00abRa\u00edces y Alas\u00bb <\/em>redefine la educaci\u00f3n como un proceso integral que empodera a los j\u00f3venes, fortalece su identidad y prepara ciudadanos conscientes y aut\u00f3nomos. Escrito por Viviana Toaquiza, Jhon O\u00f1a, Erika Pa\u00f1o y Kelvin Ch\u00e1vez.<\/p>\n","protected":false},"featured_media":1366,"comment_status":"open","ping_status":"closed","template":"","meta":[],"product_brand":[],"product_cat":[50,38,97,163,98,39],"product_tag":[413,414,415,342,167,61,252,417,409,249,419,235,411,410,118,416,45,418,52,412],"class_list":{"0":"post-1363","1":"product","2":"type-product","3":"status-publish","4":"has-post-thumbnail","6":"product_cat-educacion","7":"product_cat-innovacion","8":"product_cat-neurociencia-aplicada","9":"product_cat-pedagogia","10":"product_cat-psicologia-educativa","11":"product_cat-tendencias-educativas","12":"product_tag-aprendizaje-activo","13":"product_tag-autonomia","14":"product_tag-ciudadania-critica","15":"product_tag-desarrollo-personal","16":"product_tag-docentes","17":"product_tag-educacion","18":"product_tag-educacion-emocional","19":"product_tag-educacion-sostenible","20":"product_tag-empoderamiento-juvenil","21":"product_tag-equidad-educativa","22":"product_tag-etica-docente","23":"product_tag-formacion-docente","24":"product_tag-habilidades-blandas","25":"product_tag-identidad","26":"product_tag-inclusion-educativa","27":"product_tag-liderazgo-juvenil","28":"product_tag-pensamiento-critico","29":"product_tag-practicas-pedagogicas-innovadoras","30":"product_tag-tecnologia-educativa","31":"product_tag-transformacion-social","33":"first","34":"instock","35":"taxable","36":"shipping-taxable","37":"product-type-simple"},"_links":{"self":[{"href":"https:\/\/www.cienciaydescubrimiento.com\/editorial\/wp-json\/wp\/v2\/product\/1363","targetHints":{"allow":["GET"]}}],"collection":[{"href":"https:\/\/www.cienciaydescubrimiento.com\/editorial\/wp-json\/wp\/v2\/product"}],"about":[{"href":"https:\/\/www.cienciaydescubrimiento.com\/editorial\/wp-json\/wp\/v2\/types\/product"}],"replies":[{"embeddable":true,"href":"https:\/\/www.cienciaydescubrimiento.com\/editorial\/wp-json\/wp\/v2\/comments?post=1363"}],"wp:featuredmedia":[{"embeddable":true,"href":"https:\/\/www.cienciaydescubrimiento.com\/editorial\/wp-json\/wp\/v2\/media\/1366"}],"wp:attachment":[{"href":"https:\/\/www.cienciaydescubrimiento.com\/editorial\/wp-json\/wp\/v2\/media?parent=1363"}],"wp:term":[{"taxonomy":"product_brand","embeddable":true,"href":"https:\/\/www.cienciaydescubrimiento.com\/editorial\/wp-json\/wp\/v2\/product_brand?post=1363"},{"taxonomy":"product_cat","embeddable":true,"href":"https:\/\/www.cienciaydescubrimiento.com\/editorial\/wp-json\/wp\/v2\/product_cat?post=1363"},{"taxonomy":"product_tag","embeddable":true,"href":"https:\/\/www.cienciaydescubrimiento.com\/editorial\/wp-json\/wp\/v2\/product_tag?post=1363"}],"curies":[{"name":"wp","href":"https:\/\/api.w.org\/{rel}","templated":true}]}}