{"id":1729,"date":"2025-08-23T01:02:32","date_gmt":"2025-08-23T01:02:32","guid":{"rendered":"https:\/\/www.cienciaydescubrimiento.com\/editorial\/?post_type=product&#038;p=1729"},"modified":"2025-08-23T01:10:57","modified_gmt":"2025-08-23T01:10:57","slug":"aps-claves-atencion-sanitaria","status":"publish","type":"product","link":"https:\/\/www.cienciaydescubrimiento.com\/editorial\/producto\/aps-claves-atencion-sanitaria\/","title":{"rendered":"APS &#8211; Claves para una atenci\u00f3n  sanitaria accesible  y de alta calidad"},"content":{"rendered":"<h2>\u00bfSab\u00edas que la Atenci\u00f3n Primaria de Salud (APS) es la base para construir un sistema de salud m\u00e1s justo y humano?<\/h2>\n<p><span class=\"citation-15 citation-end-15\">\ud83c\udfe5 En un mundo en constante cambio, donde los desaf\u00edos sanitarios son cada vez m\u00e1s complejos, es crucial repensar y fortalecer la forma en que cuidamos de nuestra gente<\/span>.<\/p>\n<p><b><span class=\"citation-14\">\u00abAPS &#8211; Claves para una Atenci\u00f3n Sanitaria Accesible y de Alta Calidad\u00bb<\/span><\/b><span class=\"citation-14 citation-end-14\"> te invita a un viaje completo y profundo por los fundamentos, estrategias y la gesti\u00f3n integral de la salud<\/span>. <span class=\"citation-13 citation-end-13\">Escrito por las expertas Ana Cristina Vargas S\u00e1nchez, Leslie Yanella L\u00f3pez Hern\u00e1ndez y Addy Jareth Mu\u00f1oz Moya, este manual no es solo un texto acad\u00e9mico; es una hoja de ruta pr\u00e1ctica para profesionales, estudiantes y tomadores de decisiones<\/span>.<\/p>\n<div class=\"source-inline-chip-container ng-star-inserted\"><\/div>\n<h3 class=\"source-inline-chip-container ng-star-inserted\">\u00a0A lo largo de sus cap\u00edtulos, descubrir\u00e1s:<\/h3>\n<p><span class=\"citation-12\">\ud83d\udca1 <\/span><b><span class=\"citation-12\">Los fundamentos de la APS:<\/span><\/b><span class=\"citation-12 citation-end-12\"> Desde la Declaraci\u00f3n de Alma-Ata de 1978 hasta la reafirmaci\u00f3n de Astan\u00e1 en 2018, entender\u00e1s por qu\u00e9 la APS es el pilar de un sistema de salud sostenible y resiliente<\/span>.<\/p>\n<p><span class=\"citation-11\">\ud83c\udf0d <\/span><b><span class=\"citation-11\">Estrategias para la equidad:<\/span><\/b><span class=\"citation-11 citation-end-11\"> El libro aborda c\u00f3mo superar barreras geogr\u00e1ficas y socioecon\u00f3micas, proponiendo soluciones innovadoras como la telemedicina y el fortalecimiento de la infraestructura en zonas rurales<\/span>.<\/p>\n<p><span class=\"citation-10\">\ud83e\udd1d <\/span><b><span class=\"citation-10\">La importancia de la comunidad:<\/span><\/b><span class=\"citation-10 citation-end-10\"> Aprender\u00e1s sobre el rol de la participaci\u00f3n activa de los ciudadanos, la formaci\u00f3n del personal de salud y la coordinaci\u00f3n intersectorial para lograr un bienestar integral<\/span>.<\/p>\n<p><span class=\"citation-9\">\ud83d\udcca\u00a0<\/span><b><span class=\"citation-9\">Calidad y mejora continua:<\/span><\/b><span class=\"citation-9 citation-end-9\"> Conoce los indicadores clave para evaluar la cobertura y la satisfacci\u00f3n de los usuarios, y c\u00f3mo las auditor\u00edas m\u00e9dicas y el an\u00e1lisis de datos pueden optimizar los servicios sanitarios<\/span>.<\/p>\n<p><span class=\"citation-8 citation-end-8\">Este es un llamado a la acci\u00f3n para transformar la salud p\u00fablica desde una perspectiva integral, \u00e9tica y con un enfoque centrado en la persona<\/span>. Adquiere este libro y convi\u00e9rtete en un agente de cambio hacia una sociedad m\u00e1s saludable, justa y solidaria. \ud83d\udcaa<\/p>\n<div class=\"_3d-flip-book  fb3d-fullscreen-mode full-size\" data-id=\"1727\" data-mode=\"fullscreen\" data-title=\"false\" data-template=\"short-white-book-view\" data-lightbox=\"dark-shadow\" data-urlparam=\"fb3d-page\" data-page-n=\"0\" data-pdf=\"\" data-tax=\"null\" data-thumbnail=\"\" data-cols=\"3\" data-book-template=\"default\" data-trigger=\"\"><\/div><script type=\"text\/javascript\">window.FB3D_CLIENT_DATA = window.FB3D_CLIENT_DATA || [];FB3D_CLIENT_DATA.push('eyJwb3N0cyI6eyIxNzI3Ijp7IklEIjoxNzI3LCJ0aXRsZSI6IkFQUyAtIENsYXZlcyBwYXJhIHVuYSBhdGVuY2lcdTAwZjNuICBzYW5pdGFyaWEgYWNjZXNpYmxlICB5IGRlIGFsdGEgY2FsaWRhZCIsInR5cGUiOiJwZGYiLCJyZWFkeV9mdW5jdGlvbiI6IiIsImJvb2tfc3R5bGUiOiJmbGF0IiwiYm9va190ZW1wbGF0ZSI6Im5vbmUiLCJvdXRsaW5lIjpbXSwiZGF0YSI6eyJwb3N0X0lEIjoiMTcyOCIsImd1aWQiOiJodHRwczpcL1wvd3d3LmNpZW5jaWF5ZGVzY3VicmltaWVudG8uY29tXC9lZGl0b3JpYWxcL3dwLWNvbnRlbnRcL3VwbG9hZHNcLzIwMjVcLzA4XC9BUFNfQ2xhdmVzX3BhcmFfdW5hX0F0ZW5jaW9uX1Nhbml0YXJpYV9jLnBkZiIsInBkZl9wYWdlcyI6IjM0NiIsInBhZ2VzX2N1c3RvbWl6YXRpb24iOiJub25lIn0sInRodW1ibmFpbCI6eyJkYXRhIjp7InBvc3RfSUQiOiIwIn0sInR5cGUiOiJhdXRvIn0sInByb3BzIjp7ImJhY2tncm91bmRDb2xvciI6ImF1dG8iLCJiYWNrZ3JvdW5kSW1hZ2UiOiJhdXRvIiwiYmFja2dyb3VuZFN0eWxlIjoiYXV0byIsImhpZ2hsaWdodExpbmtzIjoiYXV0byIsImxpZ2h0aW5nIjoiYXV0byIsInNpbmdsZVBhZ2VNb2RlIjoiYXV0byIsImNhY2hlZFBhZ2VzIjoiYXV0byIsInJlbmRlckluYWN0aXZlUGFnZXMiOiJhdXRvIiwicmVuZGVySW5hY3RpdmVQYWdlc09uTW9iaWxlIjoiYXV0byIsInJlbmRlcldoaWxlRmxpcHBpbmciOiJhdXRvIiwicHJlbG9hZFBhZ2VzIjoiYXV0byIsImF1dG9QbGF5RHVyYXRpb24iOiJhdXRvIiwicnRsIjoiYXV0byIsImludGVyYWN0aXZlQ29ybmVycyI6ImF1dG8iLCJtYXhEZXB0aCI6ImF1dG8iLCJzaGVldCI6eyJzdGFydFZlbG9jaXR5IjoiYXV0byIsIndhdmUiOiJhdXRvIiwic2hhcGUiOiJhdXRvIiwid2lkdGhUZXhlbHMiOiJhdXRvIiwiY29sb3IiOiJhdXRvIiwic2lkZSI6ImF1dG8iLCJzdHJldGNoSW1hZ2VzIjoiYXV0byIsImNvcm5lckRldmlhdGlvbiI6ImF1dG8iLCJmbGV4aWJpbGl0eSI6ImF1dG8iLCJmbGV4aWJsZUNvcm5lciI6ImF1dG8iLCJiZW5kaW5nIjoiYXV0byIsImhlaWdodFRleGVscyI6ImF1dG8ifSwiY292ZXIiOnsid2F2ZSI6ImF1dG8iLCJjb2xvciI6ImF1dG8iLCJzaWRlIjoiYXV0byIsInN0cmV0Y2hJbWFnZXMiOiJhdXRvIiwiYmluZGVyVGV4dHVyZSI6ImF1dG8iLCJkZXB0aCI6ImF1dG8iLCJwYWRkaW5nIjoiYXV0byIsInN0YXJ0VmVsb2NpdHkiOiJhdXRvIiwiZmxleGliaWxpdHkiOiJhdXRvIiwiZmxleGlibGVDb3JuZXIiOiJhdXRvIiwiYmVuZGluZyI6ImF1dG8iLCJ3aWR0aFRleGVscyI6ImF1dG8iLCJoZWlnaHRUZXhlbHMiOiJhdXRvIiwibWFzcyI6ImF1dG8iLCJzaGFwZSI6ImF1dG8ifSwicGFnZSI6eyJ3YXZlIjoiYXV0byIsImNvbG9yIjoiYXV0byIsInNpZGUiOiJhdXRvIiwic3RyZXRjaEltYWdlcyI6ImF1dG8iLCJkZXB0aCI6ImF1dG8iLCJzdGFydFZlbG9jaXR5IjoiYXV0byIsImZsZXhpYmlsaXR5IjoiYXV0byIsImZsZXhpYmxlQ29ybmVyIjoiYXV0byIsImJlbmRpbmciOiJhdXRvIiwid2lkdGhUZXhlbHMiOiJhdXRvIiwiaGVpZ2h0VGV4ZWxzIjoiYXV0byIsIm1hc3MiOiJhdXRvIiwic2hhcGUiOiJhdXRvIn0sImhlaWdodCI6ImF1dG8iLCJ3aWR0aCI6ImF1dG8iLCJncmF2aXR5IjoiYXV0byIsInBhZ2VzRm9yUHJlZGljdGluZyI6ImF1dG8ifSwiY29udHJvbFByb3BzIjp7ImFjdGlvbnMiOnsiY21kVG9jIjp7ImVuYWJsZWQiOiJhdXRvIiwiZW5hYmxlZEluTmFycm93IjoiYXV0byIsImFjdGl2ZSI6ImF1dG8iLCJkZWZhdWx0VGFiIjoiYXV0byJ9LCJjbWRBdXRvUGxheSI6eyJlbmFibGVkIjoiYXV0byIsImVuYWJsZWRJbk5hcnJvdyI6ImF1dG8iLCJhY3RpdmUiOiJhdXRvIn0sImNtZFNhdmUiOnsiZW5hYmxlZCI6ImF1dG8iLCJlbmFibGVkSW5OYXJyb3ciOiJhdXRvIn0sImNtZFByaW50Ijp7ImVuYWJsZWQiOiJhdXRvIiwiZW5hYmxlZEluTmFycm93IjoiYXV0byJ9LCJjbWRTaW5nbGVQYWdlIjp7ImVuYWJsZWQiOiJhdXRvIiwiZW5hYmxlZEluTmFycm93IjoiYXV0byIsImFjdGl2ZSI6ImF1dG8iLCJhY3RpdmVGb3JNb2JpbGUiOiJhdXRvIn0sIndpZFRvb2xiYXIiOnsiZW5hYmxlZCI6ImF1dG8iLCJlbmFibGVkSW5OYXJyb3ciOiJhdXRvIn19fSwiYXV0b1RodW1ibmFpbCI6Imh0dHBzOlwvXC93d3cuY2llbmNpYXlkZXNjdWJyaW1pZW50by5jb21cL2VkaXRvcmlhbFwvd3AtY29udGVudFwvdXBsb2Fkc1wvM2QtZmxpcC1ib29rXC9hdXRvLXRodW1ibmFpbHNcLzE3MjcucG5nIiwicG9zdF9uYW1lIjoiYXBzLWNsYXZlcy1wYXJhLXVuYS1hdGVuY2lvbi1zYW5pdGFyaWEtYWNjZXNpYmxlLXktZGUtYWx0YS1jYWxpZGFkIiwicG9zdF90eXBlIjoiM2QtZmxpcC1ib29rIn19LCJwYWdlcyI6W10sImZpcnN0UGFnZXMiOltdfQ==');window.FB3D_CLIENT_LOCALE && FB3D_CLIENT_LOCALE.render && FB3D_CLIENT_LOCALE.render();<\/script>\n<h2><strong data-spm-anchor-id=\"a2ty_o01.29997173.0.i3.31d2c921Mj9yKM\">Transforma tus ideas en libro \u2013 reserva una cita con nuestro equipo editorial.<\/strong><\/h2>\n<!--\nPlugin Name: Bookly - Responsive WordPress Appointment Booking and Scheduling Plugin\nPlugin URI: https:\/\/www.booking-wp-plugin.com\/?utm_source=bookly_admin&utm_medium=plugins_page&utm_campaign=plugins_page\nVersion: 27.5-->\n<style type=\"text\/css\">\n    :root {\n        --bookly-main-color: #5f5ab2 !important;\n        --bookly-color: #5f5ab2 !important;\n    }\n\n    <\/style><div class=\"bookly-css-root\">\n    <div id=\"bookly-form-container-6a091a3b4cd60\" class=\"bookly-form\" data-form_id=\"\" aria-live=\"polite\">\n        <div style=\"text-align: center\"><img decoding=\"async\" src=\"https:\/\/www.cienciaydescubrimiento.com\/editorial\/wp-includes\/js\/tinymce\/skins\/lightgray\/img\/loader.gif\" alt=\"Cargando ...\"\/><\/div>\n    <\/div>\n<\/div>\n<script type=\"text\/javascript\">\n    (function (win, fn) {\n        var done = false, top = true,\n            doc = win.document,\n            root = doc.documentElement,\n            modern = doc.addEventListener,\n            add = modern ? 'addEventListener' : 'attachEvent',\n            rem = modern ? 'removeEventListener' : 'detachEvent',\n            pre = modern ? '' : 'on',\n            init = function (e) {\n                if (e.type == 'readystatechange') if (doc.readyState != 'complete') return;\n                (e.type == 'load' ? win : doc)[rem](pre + e.type, init, false);\n                if (!done) {\n                    done = true;\n                    fn.call(win, e.type || e);\n                }\n            },\n            poll = function () {\n                try {\n                    root.doScroll('left');\n                } catch (e) {\n                    setTimeout(poll, 50);\n                    return;\n                }\n                init('poll');\n            };\n        if (doc.readyState == 'complete') fn.call(win, 'lazy');\n        else {\n            if (!modern) if (root.doScroll) {\n                try {\n                    top = !win.frameElement;\n                } catch (e) {\n                }\n                if (top) poll();\n            }\n            doc[add](pre + 'DOMContentLoaded', init, false);\n            doc[add](pre + 'readystatechange', init, false);\n            win[add](pre + 'load', init, false);\n        }\n    })(window, function () {\n        window.bookly( {\"form_id\":\"6a091a3b4cd60\",\"form_data\":{\"skip_service_step\":0,\"hide_service_part1\":0,\"hide_service_part2\":0,\"defaults\":{\"service_id\":0,\"staff_id\":0,\"location_id\":0,\"category_id\":0,\"units\":0,\"date_from\":0,\"time_from\":0,\"time_to\":0}},\"status\":{\"booking\":\"new\"},\"form_token\":null,\"skip_steps\":{\"service_part1\":0,\"service_part2\":0,\"extras\":1,\"time\":0,\"repeat\":1,\"cart\":1},\"errors\":{\"session_error\":\"Error de sesi\\u00f3n.\",\"form_id_error\":\"Error Identificaci\\u00f3n formulario.\",\"cart_item_not_available\":\"La hora seleccionada ya no est\\u00e1 disponible. Por favor elije otra ranura de hora.\",\"pay_locally_not_available\":\"Pagu\\u00e9 no est\\u00e1 disponible.\",\"invalid_gateway\":\"Puerta de enlace no es v\\u00e1lido.\",\"payment_error\":\"Error.\",\"incorrect_username_password\":\"Nombre de usuario o contrase\\u00f1a incorrectos.\"},\"form_attributes\":{\"hide_categories\":false,\"hide_services\":false,\"hide_staff_members\":false,\"show_number_of_persons\":false,\"hide_service_duration\":true,\"hide_locations\":true,\"hide_quantity\":true,\"hide_date\":false,\"hide_week_days\":false,\"hide_time_range\":false},\"use_client_time_zone\":0,\"defaults\":{\"service_id\":0,\"staff_id\":0,\"location_id\":0,\"category_id\":0},\"datepicker_mode\":\"bg-accent\"} );\n    });\n<\/script>\n<div class=\"source-inline-chip-container ng-star-inserted\"><\/div>\n<div class=\"source-inline-chip-container ng-star-inserted\"><\/div>\n","protected":false},"excerpt":{"rendered":"<p>\u00bfSab\u00edas que la Atenci\u00f3n Primaria de Salud (APS) es la base para construir un sistema de salud m\u00e1s justo y humano? \ud83c\udfe5 En un mundo en constante cambio, donde los desaf\u00edos sanitarios son cada vez m\u00e1s complejos, es crucial repensar y fortalecer la forma en que cuidamos de nuestra gente. \u00abAPS &#8211; Claves para una Atenci\u00f3n Sanitaria Accesible y de Alta Calidad\u00bb te invita a un viaje completo y profundo por los fundamentos, estrategias y la gesti\u00f3n integral de la salud. Escrito por las expertas Ana Cristina Vargas S\u00e1nchez, Leslie Yanella L\u00f3pez Hern\u00e1ndez y Addy Jareth Mu\u00f1oz Moya, este manual no es solo un texto acad\u00e9mico; es una hoja de ruta pr\u00e1ctica para profesionales, estudiantes y tomadores de decisiones. \u00a0A lo largo de sus cap\u00edtulos, descubrir\u00e1s: \ud83d\udca1 Los fundamentos de la APS: Desde la Declaraci\u00f3n de Alma-Ata de 1978 hasta la reafirmaci\u00f3n de Astan\u00e1 en 2018, entender\u00e1s por qu\u00e9 la APS es el pilar de un sistema de salud sostenible y resiliente. \ud83c\udf0d Estrategias para la equidad: El libro aborda c\u00f3mo superar barreras geogr\u00e1ficas y socioecon\u00f3micas, proponiendo soluciones innovadoras como la telemedicina y el fortalecimiento de la infraestructura en zonas rurales. \ud83e\udd1d La importancia de la comunidad: Aprender\u00e1s sobre el rol de la participaci\u00f3n activa de los ciudadanos, la formaci\u00f3n del personal de salud y la coordinaci\u00f3n intersectorial para lograr un bienestar integral. \ud83d\udcca\u00a0Calidad y mejora continua: Conoce los indicadores clave para evaluar la cobertura y la satisfacci\u00f3n de los usuarios, y c\u00f3mo las auditor\u00edas m\u00e9dicas y el an\u00e1lisis de datos pueden optimizar los servicios sanitarios. Este es un llamado a la acci\u00f3n para transformar la salud p\u00fablica desde una perspectiva integral, \u00e9tica y con un enfoque centrado en la persona. Adquiere este libro y convi\u00e9rtete en un agente de cambio hacia una sociedad m\u00e1s saludable, justa y solidaria. \ud83d\udcaa Transforma tus ideas en libro \u2013 reserva una cita con nuestro equipo editorial.<\/p>\n","protected":false},"featured_media":1730,"comment_status":"open","ping_status":"closed","template":"","meta":[],"product_brand":[],"product_cat":[496,477],"product_tag":[508,509,499,498,515,513,66,502,511,510,506,507,497,514,504,505,500,501,503,512],"class_list":{"0":"post-1729","1":"product","2":"type-product","3":"status-publish","4":"has-post-thumbnail","6":"product_cat-bienestar","7":"product_cat-salud-publica","8":"product_tag-alma-ata","9":"product_tag-america-latina","10":"product_tag-aps","11":"product_tag-atencion-primaria-de-salud","12":"product_tag-bienestar","13":"product_tag-desigualdad-en-salud","14":"product_tag-ecuador","15":"product_tag-equidad-sanitaria","16":"product_tag-gestion-sanitaria","17":"product_tag-politicas-de-salud","18":"product_tag-prevencion-de-enfermedades","19":"product_tag-promocion-de-la-salud","20":"product_tag-salud","21":"product_tag-salud-accesible","22":"product_tag-salud-comunitaria","23":"product_tag-salud-familiar","24":"product_tag-salud-publica","25":"product_tag-sanidad","26":"product_tag-sistema-de-salud","27":"product_tag-telemedicina","29":"first","30":"instock","31":"taxable","32":"shipping-taxable","33":"product-type-simple"},"_links":{"self":[{"href":"https:\/\/www.cienciaydescubrimiento.com\/editorial\/wp-json\/wp\/v2\/product\/1729","targetHints":{"allow":["GET"]}}],"collection":[{"href":"https:\/\/www.cienciaydescubrimiento.com\/editorial\/wp-json\/wp\/v2\/product"}],"about":[{"href":"https:\/\/www.cienciaydescubrimiento.com\/editorial\/wp-json\/wp\/v2\/types\/product"}],"replies":[{"embeddable":true,"href":"https:\/\/www.cienciaydescubrimiento.com\/editorial\/wp-json\/wp\/v2\/comments?post=1729"}],"wp:featuredmedia":[{"embeddable":true,"href":"https:\/\/www.cienciaydescubrimiento.com\/editorial\/wp-json\/wp\/v2\/media\/1730"}],"wp:attachment":[{"href":"https:\/\/www.cienciaydescubrimiento.com\/editorial\/wp-json\/wp\/v2\/media?parent=1729"}],"wp:term":[{"taxonomy":"product_brand","embeddable":true,"href":"https:\/\/www.cienciaydescubrimiento.com\/editorial\/wp-json\/wp\/v2\/product_brand?post=1729"},{"taxonomy":"product_cat","embeddable":true,"href":"https:\/\/www.cienciaydescubrimiento.com\/editorial\/wp-json\/wp\/v2\/product_cat?post=1729"},{"taxonomy":"product_tag","embeddable":true,"href":"https:\/\/www.cienciaydescubrimiento.com\/editorial\/wp-json\/wp\/v2\/product_tag?post=1729"}],"curies":[{"name":"wp","href":"https:\/\/api.w.org\/{rel}","templated":true}]}}