{"id":1768,"date":"2025-09-08T19:55:19","date_gmt":"2025-09-08T19:55:19","guid":{"rendered":"https:\/\/www.cienciaydescubrimiento.com\/editorial\/?post_type=product&#038;p=1768"},"modified":"2025-09-13T14:58:20","modified_gmt":"2025-09-13T14:58:20","slug":"la-fuerza-de-la-resiliencia","status":"publish","type":"product","link":"https:\/\/www.cienciaydescubrimiento.com\/editorial\/producto\/la-fuerza-de-la-resiliencia\/","title":{"rendered":"La Fuerza de la Resiliencia"},"content":{"rendered":"<p>\u00bfAlguna vez te has sentido al borde del abismo, con el coraz\u00f3n roto o la esperanza desvaneci\u00e9ndose? \ud83d\udc94\ud83c\udf2a\ufe0f En la vida, las adversidades son inevitables, pero tu capacidad para superarlas es ilimitada. El libro <b>\u00abLa fuerza de la resiliencia\u00bb<\/b> de <b>Dar\u00edo Parker<\/b> es tu gu\u00eda esencial para transformar el dolor en poder y renacer m\u00e1s fuerte que nunca. \u2728\ud83d\udcd6<\/p>\n<p>Esta obra magistral no solo te ayudar\u00e1 a entender la resiliencia, sino que te proporcionar\u00e1 las herramientas para cultivarla. Descubre c\u00f3mo la fe en ti mismo, el apoyo de tus seres queridos, la disciplina y la perseverancia son los pilares para reconstruir tu vida y encontrar un prop\u00f3sito renovado \u00abLa fuerza de la resiliencia\u00bb es un faro de luz para quienes buscan sanar, crecer y levantarse despu\u00e9s de cada ca\u00edda. \u00a1Prep\u00e1rate para redescubrir tu fortaleza interior y escribir tu propia historia de superaci\u00f3n! \ud83d\udcaa\ud83c\udf1f<\/p>\n<div class=\"_3d-flip-book  fb3d-fullscreen-mode full-size\" data-id=\"1766\" data-mode=\"fullscreen\" data-title=\"false\" data-template=\"short-white-book-view\" data-lightbox=\"dark-shadow\" data-urlparam=\"fb3d-page\" data-page-n=\"0\" data-pdf=\"\" data-tax=\"null\" data-thumbnail=\"\" data-cols=\"3\" data-book-template=\"default\" data-trigger=\"\"><\/div><script type=\"text\/javascript\">window.FB3D_CLIENT_DATA = window.FB3D_CLIENT_DATA || [];FB3D_CLIENT_DATA.push('eyJwb3N0cyI6eyIxNzY2Ijp7IklEIjoxNzY2LCJ0aXRsZSI6IkxhIEZ1ZXJ6YSBkZSBsYSBSZXNpbGllbmNpYSIsInR5cGUiOiJwZGYiLCJyZWFkeV9mdW5jdGlvbiI6IiIsImJvb2tfc3R5bGUiOiJmbGF0IiwiYm9va190ZW1wbGF0ZSI6Im5vbmUiLCJvdXRsaW5lIjpbXSwiZGF0YSI6eyJwb3N0X0lEIjoiMTc3OCIsImd1aWQiOiJodHRwczpcL1wvd3d3LmNpZW5jaWF5ZGVzY3VicmltaWVudG8uY29tXC9lZGl0b3JpYWxcL3dwLWNvbnRlbnRcL3VwbG9hZHNcLzIwMjVcLzA5XC9Ob3ZlbGEtTGEtZnVlcnphLWRlLWxhLXJlc2lsaWVuY2lhLTEtMjAucGRmIiwicGRmX3BhZ2VzIjoiMjAiLCJwYWdlc19jdXN0b21pemF0aW9uIjoibm9uZSJ9LCJ0aHVtYm5haWwiOnsiZGF0YSI6eyJwb3N0X0lEIjoiMCJ9LCJ0eXBlIjoiYXV0byJ9LCJwcm9wcyI6eyJiYWNrZ3JvdW5kQ29sb3IiOiJhdXRvIiwiYmFja2dyb3VuZEltYWdlIjoiYXV0byIsImJhY2tncm91bmRTdHlsZSI6ImF1dG8iLCJoaWdobGlnaHRMaW5rcyI6ImF1dG8iLCJsaWdodGluZyI6ImF1dG8iLCJzaW5nbGVQYWdlTW9kZSI6ImF1dG8iLCJjYWNoZWRQYWdlcyI6ImF1dG8iLCJyZW5kZXJJbmFjdGl2ZVBhZ2VzIjoiYXV0byIsInJlbmRlckluYWN0aXZlUGFnZXNPbk1vYmlsZSI6ImF1dG8iLCJyZW5kZXJXaGlsZUZsaXBwaW5nIjoiYXV0byIsInByZWxvYWRQYWdlcyI6ImF1dG8iLCJhdXRvUGxheUR1cmF0aW9uIjoiYXV0byIsInJ0bCI6ImF1dG8iLCJpbnRlcmFjdGl2ZUNvcm5lcnMiOiJhdXRvIiwibWF4RGVwdGgiOiJhdXRvIiwic2hlZXQiOnsic3RhcnRWZWxvY2l0eSI6ImF1dG8iLCJ3YXZlIjoiYXV0byIsInNoYXBlIjoiYXV0byIsIndpZHRoVGV4ZWxzIjoiYXV0byIsImNvbG9yIjoiYXV0byIsInNpZGUiOiJhdXRvIiwic3RyZXRjaEltYWdlcyI6ImF1dG8iLCJjb3JuZXJEZXZpYXRpb24iOiJhdXRvIiwiZmxleGliaWxpdHkiOiJhdXRvIiwiZmxleGlibGVDb3JuZXIiOiJhdXRvIiwiYmVuZGluZyI6ImF1dG8iLCJoZWlnaHRUZXhlbHMiOiJhdXRvIn0sImNvdmVyIjp7IndhdmUiOiJhdXRvIiwiY29sb3IiOiJhdXRvIiwic2lkZSI6ImF1dG8iLCJzdHJldGNoSW1hZ2VzIjoiYXV0byIsImJpbmRlclRleHR1cmUiOiJhdXRvIiwiZGVwdGgiOiJhdXRvIiwicGFkZGluZyI6ImF1dG8iLCJzdGFydFZlbG9jaXR5IjoiYXV0byIsImZsZXhpYmlsaXR5IjoiYXV0byIsImZsZXhpYmxlQ29ybmVyIjoiYXV0byIsImJlbmRpbmciOiJhdXRvIiwid2lkdGhUZXhlbHMiOiJhdXRvIiwiaGVpZ2h0VGV4ZWxzIjoiYXV0byIsIm1hc3MiOiJhdXRvIiwic2hhcGUiOiJhdXRvIn0sInBhZ2UiOnsid2F2ZSI6ImF1dG8iLCJjb2xvciI6ImF1dG8iLCJzaWRlIjoiYXV0byIsInN0cmV0Y2hJbWFnZXMiOiJhdXRvIiwiZGVwdGgiOiJhdXRvIiwic3RhcnRWZWxvY2l0eSI6ImF1dG8iLCJmbGV4aWJpbGl0eSI6ImF1dG8iLCJmbGV4aWJsZUNvcm5lciI6ImF1dG8iLCJiZW5kaW5nIjoiYXV0byIsIndpZHRoVGV4ZWxzIjoiYXV0byIsImhlaWdodFRleGVscyI6ImF1dG8iLCJtYXNzIjoiYXV0byIsInNoYXBlIjoiYXV0byJ9LCJoZWlnaHQiOiJhdXRvIiwid2lkdGgiOiJhdXRvIiwiZ3Jhdml0eSI6ImF1dG8iLCJwYWdlc0ZvclByZWRpY3RpbmciOiJhdXRvIn0sImNvbnRyb2xQcm9wcyI6eyJhY3Rpb25zIjp7ImNtZFRvYyI6eyJlbmFibGVkIjoiYXV0byIsImVuYWJsZWRJbk5hcnJvdyI6ImF1dG8iLCJhY3RpdmUiOiJhdXRvIiwiZGVmYXVsdFRhYiI6ImF1dG8ifSwiY21kQXV0b1BsYXkiOnsiZW5hYmxlZCI6ImF1dG8iLCJlbmFibGVkSW5OYXJyb3ciOiJhdXRvIiwiYWN0aXZlIjoiYXV0byJ9LCJjbWRTYXZlIjp7ImVuYWJsZWQiOiJhdXRvIiwiZW5hYmxlZEluTmFycm93IjoiYXV0byJ9LCJjbWRQcmludCI6eyJlbmFibGVkIjoiYXV0byIsImVuYWJsZWRJbk5hcnJvdyI6ImF1dG8ifSwiY21kU2luZ2xlUGFnZSI6eyJlbmFibGVkIjoiYXV0byIsImVuYWJsZWRJbk5hcnJvdyI6ImF1dG8iLCJhY3RpdmUiOiJhdXRvIiwiYWN0aXZlRm9yTW9iaWxlIjoiYXV0byJ9LCJ3aWRUb29sYmFyIjp7ImVuYWJsZWQiOiJhdXRvIiwiZW5hYmxlZEluTmFycm93IjoiYXV0byJ9fX0sImF1dG9UaHVtYm5haWwiOiJodHRwczpcL1wvd3d3LmNpZW5jaWF5ZGVzY3VicmltaWVudG8uY29tXC9lZGl0b3JpYWxcL3dwLWNvbnRlbnRcL3VwbG9hZHNcLzNkLWZsaXAtYm9va1wvYXV0by10aHVtYm5haWxzXC8xNzY2LnBuZyIsInBvc3RfbmFtZSI6ImxhLWZ1ZXJ6YS1kZS1sYS1yZXNpbGllbmNpYSIsInBvc3RfdHlwZSI6IjNkLWZsaXAtYm9vayJ9fSwicGFnZXMiOltdLCJmaXJzdFBhZ2VzIjpbXX0=');window.FB3D_CLIENT_LOCALE && FB3D_CLIENT_LOCALE.render && FB3D_CLIENT_LOCALE.render();<\/script>\n<h2><strong data-spm-anchor-id=\"a2ty_o01.29997173.0.i3.31d2c921Mj9yKM\">Transforma tus ideas en libro \u2013 reserva una cita con nuestro equipo editorial.<\/strong><\/h2>\n<!--\nPlugin Name: Bookly - Responsive WordPress Appointment Booking and Scheduling Plugin\nPlugin URI: https:\/\/www.booking-wp-plugin.com\/?utm_source=bookly_admin&utm_medium=plugins_page&utm_campaign=plugins_page\nVersion: 27.5-->\n<style type=\"text\/css\">\n    :root {\n        --bookly-main-color: #5f5ab2 !important;\n        --bookly-color: #5f5ab2 !important;\n    }\n\n    <\/style><div class=\"bookly-css-root\">\n    <div id=\"bookly-form-container-6a091a3b1bb14\" class=\"bookly-form\" data-form_id=\"\" aria-live=\"polite\">\n        <div style=\"text-align: center\"><img decoding=\"async\" src=\"https:\/\/www.cienciaydescubrimiento.com\/editorial\/wp-includes\/js\/tinymce\/skins\/lightgray\/img\/loader.gif\" alt=\"Cargando ...\"\/><\/div>\n    <\/div>\n<\/div>\n<script type=\"text\/javascript\">\n    (function (win, fn) {\n        var done = false, top = true,\n            doc = win.document,\n            root = doc.documentElement,\n            modern = doc.addEventListener,\n            add = modern ? 'addEventListener' : 'attachEvent',\n            rem = modern ? 'removeEventListener' : 'detachEvent',\n            pre = modern ? '' : 'on',\n            init = function (e) {\n                if (e.type == 'readystatechange') if (doc.readyState != 'complete') return;\n                (e.type == 'load' ? win : doc)[rem](pre + e.type, init, false);\n                if (!done) {\n                    done = true;\n                    fn.call(win, e.type || e);\n                }\n            },\n            poll = function () {\n                try {\n                    root.doScroll('left');\n                } catch (e) {\n                    setTimeout(poll, 50);\n                    return;\n                }\n                init('poll');\n            };\n        if (doc.readyState == 'complete') fn.call(win, 'lazy');\n        else {\n            if (!modern) if (root.doScroll) {\n                try {\n                    top = !win.frameElement;\n                } catch (e) {\n                }\n                if (top) poll();\n            }\n            doc[add](pre + 'DOMContentLoaded', init, false);\n            doc[add](pre + 'readystatechange', init, false);\n            win[add](pre + 'load', init, false);\n        }\n    })(window, function () {\n        window.bookly( {\"form_id\":\"6a091a3b1bb14\",\"form_data\":{\"skip_service_step\":0,\"hide_service_part1\":0,\"hide_service_part2\":0,\"defaults\":{\"service_id\":0,\"staff_id\":0,\"location_id\":0,\"category_id\":0,\"units\":0,\"date_from\":0,\"time_from\":0,\"time_to\":0}},\"status\":{\"booking\":\"new\"},\"form_token\":null,\"skip_steps\":{\"service_part1\":0,\"service_part2\":0,\"extras\":1,\"time\":0,\"repeat\":1,\"cart\":1},\"errors\":{\"session_error\":\"Error de sesi\\u00f3n.\",\"form_id_error\":\"Error Identificaci\\u00f3n formulario.\",\"cart_item_not_available\":\"La hora seleccionada ya no est\\u00e1 disponible. Por favor elije otra ranura de hora.\",\"pay_locally_not_available\":\"Pagu\\u00e9 no est\\u00e1 disponible.\",\"invalid_gateway\":\"Puerta de enlace no es v\\u00e1lido.\",\"payment_error\":\"Error.\",\"incorrect_username_password\":\"Nombre de usuario o contrase\\u00f1a incorrectos.\"},\"form_attributes\":{\"hide_categories\":false,\"hide_services\":false,\"hide_staff_members\":false,\"show_number_of_persons\":false,\"hide_service_duration\":true,\"hide_locations\":true,\"hide_quantity\":true,\"hide_date\":false,\"hide_week_days\":false,\"hide_time_range\":false},\"use_client_time_zone\":0,\"defaults\":{\"service_id\":0,\"staff_id\":0,\"location_id\":0,\"category_id\":0},\"datepicker_mode\":\"bg-accent\"} );\n    });\n<\/script>\n","protected":false},"excerpt":{"rendered":"<p>Un libro inspirador que te gu\u00eda a trav\u00e9s de la adversidad para encontrar la resiliencia, la esperanza y el prop\u00f3sito, transformando el dolor en crecimiento personal.<\/p>\n","protected":false},"featured_media":1771,"comment_status":"open","ping_status":"closed","template":"","meta":[],"product_brand":[],"product_cat":[330,496,59,423],"product_tag":[435,586,589,340,258,372,587,342,584,591,588,590,554,585,391,583,374,531,582,592],"class_list":{"0":"post-1768","1":"product","2":"type-product","3":"status-publish","4":"has-post-thumbnail","6":"product_cat-autoayuda","7":"product_cat-bienestar","8":"product_cat-liderazgo","9":"product_cat-novela-inspiracional","10":"product_tag-inspiracion","11":"product_tag-adversidad","12":"product_tag-afrontamiento","13":"product_tag-autoayuda","14":"product_tag-bienestar-emocional","15":"product_tag-crecimiento-personal","16":"product_tag-dario-parker","17":"product_tag-desarrollo-personal","18":"product_tag-esperanza","19":"product_tag-felicidad","20":"product_tag-fortaleza-interior","21":"product_tag-gestion-emocional","22":"product_tag-libro","23":"product_tag-motivacion","24":"product_tag-proposito-de-vida","25":"product_tag-psicologia","26":"product_tag-resiliencia","27":"product_tag-salud-mental","28":"product_tag-superacion-personal","29":"product_tag-transformacion","31":"first","32":"instock","33":"downloadable","34":"purchasable","35":"product-type-simple"},"_links":{"self":[{"href":"https:\/\/www.cienciaydescubrimiento.com\/editorial\/wp-json\/wp\/v2\/product\/1768","targetHints":{"allow":["GET"]}}],"collection":[{"href":"https:\/\/www.cienciaydescubrimiento.com\/editorial\/wp-json\/wp\/v2\/product"}],"about":[{"href":"https:\/\/www.cienciaydescubrimiento.com\/editorial\/wp-json\/wp\/v2\/types\/product"}],"replies":[{"embeddable":true,"href":"https:\/\/www.cienciaydescubrimiento.com\/editorial\/wp-json\/wp\/v2\/comments?post=1768"}],"wp:featuredmedia":[{"embeddable":true,"href":"https:\/\/www.cienciaydescubrimiento.com\/editorial\/wp-json\/wp\/v2\/media\/1771"}],"wp:attachment":[{"href":"https:\/\/www.cienciaydescubrimiento.com\/editorial\/wp-json\/wp\/v2\/media?parent=1768"}],"wp:term":[{"taxonomy":"product_brand","embeddable":true,"href":"https:\/\/www.cienciaydescubrimiento.com\/editorial\/wp-json\/wp\/v2\/product_brand?post=1768"},{"taxonomy":"product_cat","embeddable":true,"href":"https:\/\/www.cienciaydescubrimiento.com\/editorial\/wp-json\/wp\/v2\/product_cat?post=1768"},{"taxonomy":"product_tag","embeddable":true,"href":"https:\/\/www.cienciaydescubrimiento.com\/editorial\/wp-json\/wp\/v2\/product_tag?post=1768"}],"curies":[{"name":"wp","href":"https:\/\/api.w.org\/{rel}","templated":true}]}}