{"id":1807,"date":"2025-09-22T21:32:32","date_gmt":"2025-09-22T21:32:32","guid":{"rendered":"https:\/\/www.cienciaydescubrimiento.com\/editorial\/?post_type=product&#038;p=1807"},"modified":"2025-09-22T22:03:01","modified_gmt":"2025-09-22T22:03:01","slug":"inteligencia-artificial-en-educacion-basica","status":"publish","type":"product","link":"https:\/\/www.cienciaydescubrimiento.com\/editorial\/producto\/inteligencia-artificial-en-educacion-basica\/","title":{"rendered":"Inteligencia artificial en educaci\u00f3n b\u00e1sica"},"content":{"rendered":"<p>\u00bfAlguna vez te has preguntado c\u00f3mo la <b>Inteligencia Artificial<\/b> puede transformar el aula de clases? \ud83e\udd14\ud83d\udcbb El libro <b>\u00abInteligencia artificial en educaci\u00f3n b\u00e1sica, Estrategias innovadoras para potenciar el aprendizaje en el aula\u00bb<\/b>, de la autora <b>Sonia Narcisa Chicaiza Vilcacundo<\/b>, es la gu\u00eda esencial para educadores que desean llevar sus m\u00e9todos de ense\u00f1anza al futuro. \u2728\ud83d\udcd6<\/p>\n<p><span class=\"citation-42 citation-end-42\">Esta obra no solo desmitifica la IA, sino que tambi\u00e9n te ofrece estrategias pr\u00e1cticas para personalizar el aprendizaje, automatizar tareas y analizar datos para mejorar el rendimiento de tus estudiantes<\/span>. <span class=\"citation-41 citation-end-41\">Con un enfoque claro, este libro te ense\u00f1a a utilizar asistentes virtuales y plataformas inteligentes <\/span> para crear un ambiente de aprendizaje interactivo y efectivo. M\u00e1s que una simple herramienta tecnol\u00f3gica, la IA se presenta como un aliado para reducir la brecha digital y fomentar una educaci\u00f3n m\u00e1s inclusiva. \u00a1Prep\u00e1rate para revolucionar tu manera de ense\u00f1ar! \ud83d\ude80<\/p>\n<div class=\"_3d-flip-book  fb3d-fullscreen-mode full-size\" data-id=\"1805\" data-mode=\"fullscreen\" data-title=\"false\" data-template=\"short-white-book-view\" data-lightbox=\"dark-shadow\" data-urlparam=\"fb3d-page\" data-page-n=\"0\" data-pdf=\"\" data-tax=\"null\" data-thumbnail=\"\" data-cols=\"3\" data-book-template=\"default\" data-trigger=\"\"><\/div><script type=\"text\/javascript\">window.FB3D_CLIENT_DATA = window.FB3D_CLIENT_DATA || [];FB3D_CLIENT_DATA.push('eyJwb3N0cyI6eyIxODA1Ijp7IklEIjoxODA1LCJ0aXRsZSI6IkludGVsaWdlbmNpYSBhcnRpZmljaWFsIGVuIGVkdWNhY2lcdTAwZjNuIGJcdTAwZTFzaWNhIiwidHlwZSI6InBkZiIsInJlYWR5X2Z1bmN0aW9uIjoiIiwiYm9va19zdHlsZSI6ImZsYXQiLCJib29rX3RlbXBsYXRlIjoibm9uZSIsIm91dGxpbmUiOltdLCJkYXRhIjp7InBvc3RfSUQiOiIxODEyIiwiZ3VpZCI6Imh0dHBzOlwvXC93d3cuY2llbmNpYXlkZXNjdWJyaW1pZW50by5jb21cL2VkaXRvcmlhbFwvd3AtY29udGVudFwvdXBsb2Fkc1wvMjAyNVwvMDlcL0ludGVsaWdlbmNpYV9hcnRpZmljaWFsX2VuX2VkdWNhY2lvbl9iYXNpY2FfY28ucGRmIiwicGRmX3BhZ2VzIjoiMjYxIiwicGFnZXNfY3VzdG9taXphdGlvbiI6Im5vbmUifSwidGh1bWJuYWlsIjp7ImRhdGEiOnsicG9zdF9JRCI6IjAifSwidHlwZSI6ImF1dG8ifSwicHJvcHMiOnsiYmFja2dyb3VuZENvbG9yIjoiYXV0byIsImJhY2tncm91bmRJbWFnZSI6ImF1dG8iLCJiYWNrZ3JvdW5kU3R5bGUiOiJhdXRvIiwiaGlnaGxpZ2h0TGlua3MiOiJhdXRvIiwibGlnaHRpbmciOiJhdXRvIiwic2luZ2xlUGFnZU1vZGUiOiJhdXRvIiwiY2FjaGVkUGFnZXMiOiJhdXRvIiwicmVuZGVySW5hY3RpdmVQYWdlcyI6ImF1dG8iLCJyZW5kZXJJbmFjdGl2ZVBhZ2VzT25Nb2JpbGUiOiJhdXRvIiwicmVuZGVyV2hpbGVGbGlwcGluZyI6ImF1dG8iLCJwcmVsb2FkUGFnZXMiOiJhdXRvIiwiYXV0b1BsYXlEdXJhdGlvbiI6ImF1dG8iLCJydGwiOiJhdXRvIiwiaW50ZXJhY3RpdmVDb3JuZXJzIjoiYXV0byIsIm1heERlcHRoIjoiYXV0byIsInNoZWV0Ijp7InN0YXJ0VmVsb2NpdHkiOiJhdXRvIiwid2F2ZSI6ImF1dG8iLCJzaGFwZSI6ImF1dG8iLCJ3aWR0aFRleGVscyI6ImF1dG8iLCJjb2xvciI6ImF1dG8iLCJzaWRlIjoiYXV0byIsInN0cmV0Y2hJbWFnZXMiOiJhdXRvIiwiY29ybmVyRGV2aWF0aW9uIjoiYXV0byIsImZsZXhpYmlsaXR5IjoiYXV0byIsImZsZXhpYmxlQ29ybmVyIjoiYXV0byIsImJlbmRpbmciOiJhdXRvIiwiaGVpZ2h0VGV4ZWxzIjoiYXV0byJ9LCJjb3ZlciI6eyJ3YXZlIjoiYXV0byIsImNvbG9yIjoiYXV0byIsInNpZGUiOiJhdXRvIiwic3RyZXRjaEltYWdlcyI6ImF1dG8iLCJiaW5kZXJUZXh0dXJlIjoiYXV0byIsImRlcHRoIjoiYXV0byIsInBhZGRpbmciOiJhdXRvIiwic3RhcnRWZWxvY2l0eSI6ImF1dG8iLCJmbGV4aWJpbGl0eSI6ImF1dG8iLCJmbGV4aWJsZUNvcm5lciI6ImF1dG8iLCJiZW5kaW5nIjoiYXV0byIsIndpZHRoVGV4ZWxzIjoiYXV0byIsImhlaWdodFRleGVscyI6ImF1dG8iLCJtYXNzIjoiYXV0byIsInNoYXBlIjoiYXV0byJ9LCJwYWdlIjp7IndhdmUiOiJhdXRvIiwiY29sb3IiOiJhdXRvIiwic2lkZSI6ImF1dG8iLCJzdHJldGNoSW1hZ2VzIjoiYXV0byIsImRlcHRoIjoiYXV0byIsInN0YXJ0VmVsb2NpdHkiOiJhdXRvIiwiZmxleGliaWxpdHkiOiJhdXRvIiwiZmxleGlibGVDb3JuZXIiOiJhdXRvIiwiYmVuZGluZyI6ImF1dG8iLCJ3aWR0aFRleGVscyI6ImF1dG8iLCJoZWlnaHRUZXhlbHMiOiJhdXRvIiwibWFzcyI6ImF1dG8iLCJzaGFwZSI6ImF1dG8ifSwiaGVpZ2h0IjoiYXV0byIsIndpZHRoIjoiYXV0byIsImdyYXZpdHkiOiJhdXRvIiwicGFnZXNGb3JQcmVkaWN0aW5nIjoiYXV0byJ9LCJjb250cm9sUHJvcHMiOnsiYWN0aW9ucyI6eyJjbWRUb2MiOnsiZW5hYmxlZCI6ImF1dG8iLCJlbmFibGVkSW5OYXJyb3ciOiJhdXRvIiwiYWN0aXZlIjoiYXV0byIsImRlZmF1bHRUYWIiOiJhdXRvIn0sImNtZEF1dG9QbGF5Ijp7ImVuYWJsZWQiOiJhdXRvIiwiZW5hYmxlZEluTmFycm93IjoiYXV0byIsImFjdGl2ZSI6ImF1dG8ifSwiY21kU2F2ZSI6eyJlbmFibGVkIjoiYXV0byIsImVuYWJsZWRJbk5hcnJvdyI6ImF1dG8ifSwiY21kUHJpbnQiOnsiZW5hYmxlZCI6ImF1dG8iLCJlbmFibGVkSW5OYXJyb3ciOiJhdXRvIn0sImNtZFNpbmdsZVBhZ2UiOnsiZW5hYmxlZCI6ImF1dG8iLCJlbmFibGVkSW5OYXJyb3ciOiJhdXRvIiwiYWN0aXZlIjoiYXV0byIsImFjdGl2ZUZvck1vYmlsZSI6ImF1dG8ifSwid2lkVG9vbGJhciI6eyJlbmFibGVkIjoiYXV0byIsImVuYWJsZWRJbk5hcnJvdyI6ImF1dG8ifX19LCJhdXRvVGh1bWJuYWlsIjoiaHR0cHM6XC9cL3d3dy5jaWVuY2lheWRlc2N1YnJpbWllbnRvLmNvbVwvZWRpdG9yaWFsXC93cC1jb250ZW50XC91cGxvYWRzXC8zZC1mbGlwLWJvb2tcL2F1dG8tdGh1bWJuYWlsc1wvMTgwNS5wbmciLCJwb3N0X25hbWUiOiJpbnRlbGlnZW5jaWEtYXJ0aWZpY2lhbC1lbi1lZHVjYWNpb24tYmFzaWNhIiwicG9zdF90eXBlIjoiM2QtZmxpcC1ib29rIn19LCJwYWdlcyI6W10sImZpcnN0UGFnZXMiOltdfQ==');window.FB3D_CLIENT_LOCALE && FB3D_CLIENT_LOCALE.render && FB3D_CLIENT_LOCALE.render();<\/script>\n<p>&nbsp;<\/p>\n<h2><strong data-spm-anchor-id=\"a2ty_o01.29997173.0.i3.31d2c921Mj9yKM\">Transforma tus ideas en libro \u2013 reserva una cita con nuestro equipo editorial.<\/strong><\/h2>\n<!--\nPlugin Name: Bookly - Responsive WordPress Appointment Booking and Scheduling Plugin\nPlugin URI: https:\/\/www.booking-wp-plugin.com\/?utm_source=bookly_admin&utm_medium=plugins_page&utm_campaign=plugins_page\nVersion: 27.5-->\n<style type=\"text\/css\">\n    :root {\n        --bookly-main-color: #5f5ab2 !important;\n        --bookly-color: #5f5ab2 !important;\n    }\n\n    <\/style><div class=\"bookly-css-root\">\n    <div id=\"bookly-form-container-6a08ff0bb0db0\" class=\"bookly-form\" data-form_id=\"\" aria-live=\"polite\">\n        <div style=\"text-align: center\"><img decoding=\"async\" src=\"https:\/\/www.cienciaydescubrimiento.com\/editorial\/wp-includes\/js\/tinymce\/skins\/lightgray\/img\/loader.gif\" alt=\"Cargando ...\"\/><\/div>\n    <\/div>\n<\/div>\n<script type=\"text\/javascript\">\n    (function (win, fn) {\n        var done = false, top = true,\n            doc = win.document,\n            root = doc.documentElement,\n            modern = doc.addEventListener,\n            add = modern ? 'addEventListener' : 'attachEvent',\n            rem = modern ? 'removeEventListener' : 'detachEvent',\n            pre = modern ? '' : 'on',\n            init = function (e) {\n                if (e.type == 'readystatechange') if (doc.readyState != 'complete') return;\n                (e.type == 'load' ? win : doc)[rem](pre + e.type, init, false);\n                if (!done) {\n                    done = true;\n                    fn.call(win, e.type || e);\n                }\n            },\n            poll = function () {\n                try {\n                    root.doScroll('left');\n                } catch (e) {\n                    setTimeout(poll, 50);\n                    return;\n                }\n                init('poll');\n            };\n        if (doc.readyState == 'complete') fn.call(win, 'lazy');\n        else {\n            if (!modern) if (root.doScroll) {\n                try {\n                    top = !win.frameElement;\n                } catch (e) {\n                }\n                if (top) poll();\n            }\n            doc[add](pre + 'DOMContentLoaded', init, false);\n            doc[add](pre + 'readystatechange', init, false);\n            win[add](pre + 'load', init, false);\n        }\n    })(window, function () {\n        window.bookly( {\"form_id\":\"6a08ff0bb0db0\",\"form_data\":{\"skip_service_step\":0,\"hide_service_part1\":0,\"hide_service_part2\":0,\"defaults\":{\"service_id\":0,\"staff_id\":0,\"location_id\":0,\"category_id\":0,\"units\":0,\"date_from\":0,\"time_from\":0,\"time_to\":0}},\"status\":{\"booking\":\"new\"},\"form_token\":null,\"skip_steps\":{\"service_part1\":0,\"service_part2\":0,\"extras\":1,\"time\":0,\"repeat\":1,\"cart\":1},\"errors\":{\"session_error\":\"Error de sesi\\u00f3n.\",\"form_id_error\":\"Error Identificaci\\u00f3n formulario.\",\"cart_item_not_available\":\"La hora seleccionada ya no est\\u00e1 disponible. Por favor elije otra ranura de hora.\",\"pay_locally_not_available\":\"Pagu\\u00e9 no est\\u00e1 disponible.\",\"invalid_gateway\":\"Puerta de enlace no es v\\u00e1lido.\",\"payment_error\":\"Error.\",\"incorrect_username_password\":\"Nombre de usuario o contrase\\u00f1a incorrectos.\"},\"form_attributes\":{\"hide_categories\":false,\"hide_services\":false,\"hide_staff_members\":false,\"show_number_of_persons\":false,\"hide_service_duration\":true,\"hide_locations\":true,\"hide_quantity\":true,\"hide_date\":false,\"hide_week_days\":false,\"hide_time_range\":false},\"use_client_time_zone\":0,\"defaults\":{\"service_id\":0,\"staff_id\":0,\"location_id\":0,\"category_id\":0},\"datepicker_mode\":\"bg-accent\"} );\n    });\n<\/script>\n","protected":false},"excerpt":{"rendered":"<p>Un manual completo para educadores que explora c\u00f3mo integrar la inteligencia artificial en el aula, ofreciendo estrategias innovadoras para potenciar el aprendizaje personalizado y la evaluaci\u00f3n.<\/p>\n","protected":false},"featured_media":1810,"comment_status":"open","ping_status":"closed","template":"","meta":[],"product_brand":[],"product_cat":[121,50,99,120,38,100],"product_tag":[162,261,626,618,625,56,623,61,620,624,115,619,622,103,627,40,55,621,176,52],"class_list":{"0":"post-1807","1":"product","2":"type-product","3":"status-publish","4":"has-post-thumbnail","6":"product_cat-desarrollo-docente","7":"product_cat-educacion","8":"product_cat-educacion-inclusiva","9":"product_cat-gestion-educativa","10":"product_cat-innovacion","11":"product_cat-tecnologia-y-aprendizaje","12":"product_tag-aprendizaje","13":"product_tag-aprendizaje-personalizado","14":"product_tag-asistentes-virtuales","15":"product_tag-aula","16":"product_tag-brecha-digital","17":"product_tag-competencias-digitales","18":"product_tag-edtech","19":"product_tag-educacion","20":"product_tag-educacion-basica","21":"product_tag-educacion-del-futuro","22":"product_tag-educacion-inclusiva","23":"product_tag-estrategias-didacticas","24":"product_tag-evaluacion-educativa","25":"product_tag-gamificacion","26":"product_tag-herramientas-tecnologicas","27":"product_tag-innovacion-educativa","28":"product_tag-inteligencia-artificial","29":"product_tag-sonia-chicaiza","30":"product_tag-tecnologia","31":"product_tag-tecnologia-educativa","33":"first","34":"instock","35":"taxable","36":"shipping-taxable","37":"product-type-simple"},"_links":{"self":[{"href":"https:\/\/www.cienciaydescubrimiento.com\/editorial\/wp-json\/wp\/v2\/product\/1807","targetHints":{"allow":["GET"]}}],"collection":[{"href":"https:\/\/www.cienciaydescubrimiento.com\/editorial\/wp-json\/wp\/v2\/product"}],"about":[{"href":"https:\/\/www.cienciaydescubrimiento.com\/editorial\/wp-json\/wp\/v2\/types\/product"}],"replies":[{"embeddable":true,"href":"https:\/\/www.cienciaydescubrimiento.com\/editorial\/wp-json\/wp\/v2\/comments?post=1807"}],"wp:featuredmedia":[{"embeddable":true,"href":"https:\/\/www.cienciaydescubrimiento.com\/editorial\/wp-json\/wp\/v2\/media\/1810"}],"wp:attachment":[{"href":"https:\/\/www.cienciaydescubrimiento.com\/editorial\/wp-json\/wp\/v2\/media?parent=1807"}],"wp:term":[{"taxonomy":"product_brand","embeddable":true,"href":"https:\/\/www.cienciaydescubrimiento.com\/editorial\/wp-json\/wp\/v2\/product_brand?post=1807"},{"taxonomy":"product_cat","embeddable":true,"href":"https:\/\/www.cienciaydescubrimiento.com\/editorial\/wp-json\/wp\/v2\/product_cat?post=1807"},{"taxonomy":"product_tag","embeddable":true,"href":"https:\/\/www.cienciaydescubrimiento.com\/editorial\/wp-json\/wp\/v2\/product_tag?post=1807"}],"curies":[{"name":"wp","href":"https:\/\/api.w.org\/{rel}","templated":true}]}}