{"id":1887,"date":"2025-11-09T16:46:52","date_gmt":"2025-11-09T16:46:52","guid":{"rendered":"https:\/\/www.cienciaydescubrimiento.com\/editorial\/?post_type=product&#038;p=1887"},"modified":"2025-11-17T14:36:59","modified_gmt":"2025-11-17T14:36:59","slug":"aprender-a-aprender","status":"publish","type":"product","link":"https:\/\/www.cienciaydescubrimiento.com\/editorial\/producto\/aprender-a-aprender\/","title":{"rendered":"Aprender a Aprender"},"content":{"rendered":"<h1><b>Domina tu mente \ud83e\udde0, estrategias definitivas para el \u00e9xito acad\u00e9mico y personal<\/b><\/h1>\n<p>\u00bfSientes que pasas horas estudiando sin resultados reales? \ud83d\ude2b El problema no es tu capacidad, \u00a1sino tu m\u00e9todo!<\/p>\n<p>Te presentamos <b>\u00abAprender a Aprender: Estrategias para el \u00e9xito acad\u00e9mico y personal\u00bb<\/b>, la gu\u00eda maestra creada por <strong>Carmen In\u00e9s <\/strong><b>Tigse Herrera, Carmen Ver\u00f3nica Cruz Vergara, Flor Lorena Freire Gaibor y Mery Johana Maza Maldonado<\/b>. Este libro va m\u00e1s all\u00e1 de los apuntes y te ense\u00f1a a optimizar tu <b>m\u00e1quina de aprendizaje<\/b>: tu cerebro.<\/p>\n<p>Descubre los secretos de la <b>autoevaluaci\u00f3n efectiva<\/b> y el <b>manejo del tiempo<\/b> para dejar la procrastinaci\u00f3n en el pasado. Aprender\u00e1s a desarrollar:<\/p>\n<ul>\n<li><b>Autoconocimiento:<\/b> Identifica tus fortalezas y debilidades reales.<\/li>\n<li><b>Gesti\u00f3n:<\/b> T\u00e9cnicas probadas para priorizar tareas y crear un entorno de estudio efectivo.<\/li>\n<li><b>Habilidades Cognitivas:<\/b> Estrategias pr\u00e1cticas para mejorar la memoria, la concentraci\u00f3n y la comprensi\u00f3n lectora.<\/li>\n<\/ul>\n<p>\u00a1Es la inversi\u00f3n m\u00e1s inteligente que puedes hacer en tu futuro! Transforma el esfuerzo en resultados medibles.<\/p>\n<p>\u27a1\ufe0f <b>Consigue el libro que cambiar\u00e1 tu vida de estudiante y profesional.<\/b><\/p>\n<div class=\"_3d-flip-book  fb3d-fullscreen-mode full-size\" data-id=\"1885\" data-mode=\"fullscreen\" data-title=\"false\" data-template=\"short-white-book-view\" data-lightbox=\"dark-shadow\" data-urlparam=\"fb3d-page\" data-page-n=\"0\" data-pdf=\"\" data-tax=\"null\" data-thumbnail=\"\" data-cols=\"3\" data-book-template=\"default\" data-trigger=\"\"><\/div><script type=\"text\/javascript\">window.FB3D_CLIENT_DATA = window.FB3D_CLIENT_DATA || [];FB3D_CLIENT_DATA.push('eyJwb3N0cyI6eyIxODg1Ijp7IklEIjoxODg1LCJ0aXRsZSI6IkFwcmVuZGVyIGEgQXByZW5kZXIiLCJ0eXBlIjoicGRmIiwicmVhZHlfZnVuY3Rpb24iOiIiLCJib29rX3N0eWxlIjoidm9sdW1lIiwiYm9va190ZW1wbGF0ZSI6Im5vbmUiLCJvdXRsaW5lIjpbXSwiZGF0YSI6eyJwb3N0X0lEIjoiMTkwMSIsImd1aWQiOiJodHRwczpcL1wvd3d3LmNpZW5jaWF5ZGVzY3VicmltaWVudG8uY29tXC9lZGl0b3JpYWxcL3dwLWNvbnRlbnRcL3VwbG9hZHNcLzIwMjVcLzExXC9MaWJyby1BcHJlbmRlci1hLWFwcmVuZGVyX2MucGRmIiwicGRmX3BhZ2VzIjoiMjQ2IiwicGFnZXNfY3VzdG9taXphdGlvbiI6Im5vbmUifSwidGh1bWJuYWlsIjp7ImRhdGEiOnsicG9zdF9JRCI6IjAifSwidHlwZSI6ImF1dG8ifSwicHJvcHMiOnsiYmFja2dyb3VuZENvbG9yIjoiYXV0byIsImJhY2tncm91bmRJbWFnZSI6ImF1dG8iLCJiYWNrZ3JvdW5kU3R5bGUiOiJhdXRvIiwiaGlnaGxpZ2h0TGlua3MiOiJhdXRvIiwibGlnaHRpbmciOiJhdXRvIiwic2luZ2xlUGFnZU1vZGUiOiJhdXRvIiwiY2FjaGVkUGFnZXMiOiJhdXRvIiwicmVuZGVySW5hY3RpdmVQYWdlcyI6ImF1dG8iLCJyZW5kZXJJbmFjdGl2ZVBhZ2VzT25Nb2JpbGUiOiJhdXRvIiwicmVuZGVyV2hpbGVGbGlwcGluZyI6ImF1dG8iLCJwcmVsb2FkUGFnZXMiOiJhdXRvIiwiYXV0b1BsYXlEdXJhdGlvbiI6ImF1dG8iLCJydGwiOiJhdXRvIiwiaW50ZXJhY3RpdmVDb3JuZXJzIjoiYXV0byIsIm1heERlcHRoIjoiYXV0byIsInNoZWV0Ijp7InN0YXJ0VmVsb2NpdHkiOiJhdXRvIiwid2F2ZSI6ImF1dG8iLCJzaGFwZSI6ImF1dG8iLCJ3aWR0aFRleGVscyI6ImF1dG8iLCJjb2xvciI6ImF1dG8iLCJzaWRlIjoiYXV0byIsInN0cmV0Y2hJbWFnZXMiOiJhdXRvIiwiY29ybmVyRGV2aWF0aW9uIjoiYXV0byIsImZsZXhpYmlsaXR5IjoiYXV0byIsImZsZXhpYmxlQ29ybmVyIjoiYXV0byIsImJlbmRpbmciOiJhdXRvIiwiaGVpZ2h0VGV4ZWxzIjoiYXV0byJ9LCJjb3ZlciI6eyJ3YXZlIjoiYXV0byIsImNvbG9yIjoiYXV0byIsInNpZGUiOiJhdXRvIiwic3RyZXRjaEltYWdlcyI6ImF1dG8iLCJiaW5kZXJUZXh0dXJlIjoiYXV0byIsImRlcHRoIjoiYXV0byIsInBhZGRpbmciOiJhdXRvIiwic3RhcnRWZWxvY2l0eSI6ImF1dG8iLCJmbGV4aWJpbGl0eSI6ImF1dG8iLCJmbGV4aWJsZUNvcm5lciI6ImF1dG8iLCJiZW5kaW5nIjoiYXV0byIsIndpZHRoVGV4ZWxzIjoiYXV0byIsImhlaWdodFRleGVscyI6ImF1dG8iLCJtYXNzIjoiYXV0byIsInNoYXBlIjoiYXV0byJ9LCJwYWdlIjp7IndhdmUiOiJhdXRvIiwiY29sb3IiOiJhdXRvIiwic2lkZSI6ImF1dG8iLCJzdHJldGNoSW1hZ2VzIjoiYXV0byIsImRlcHRoIjoiYXV0byIsInN0YXJ0VmVsb2NpdHkiOiJhdXRvIiwiZmxleGliaWxpdHkiOiJhdXRvIiwiZmxleGlibGVDb3JuZXIiOiJhdXRvIiwiYmVuZGluZyI6ImF1dG8iLCJ3aWR0aFRleGVscyI6ImF1dG8iLCJoZWlnaHRUZXhlbHMiOiJhdXRvIiwibWFzcyI6ImF1dG8iLCJzaGFwZSI6ImF1dG8ifSwiaGVpZ2h0IjoiYXV0byIsIndpZHRoIjoiYXV0byIsImdyYXZpdHkiOiJhdXRvIiwicGFnZXNGb3JQcmVkaWN0aW5nIjoiYXV0byJ9LCJjb250cm9sUHJvcHMiOnsiYWN0aW9ucyI6eyJjbWRUb2MiOnsiZW5hYmxlZCI6ImF1dG8iLCJlbmFibGVkSW5OYXJyb3ciOiJhdXRvIiwiYWN0aXZlIjoiYXV0byIsImRlZmF1bHRUYWIiOiJhdXRvIn0sImNtZEF1dG9QbGF5Ijp7ImVuYWJsZWQiOiJhdXRvIiwiZW5hYmxlZEluTmFycm93IjoiYXV0byIsImFjdGl2ZSI6ImF1dG8ifSwiY21kU2F2ZSI6eyJlbmFibGVkIjoiYXV0byIsImVuYWJsZWRJbk5hcnJvdyI6ImF1dG8ifSwiY21kUHJpbnQiOnsiZW5hYmxlZCI6ImF1dG8iLCJlbmFibGVkSW5OYXJyb3ciOiJhdXRvIn0sImNtZFNpbmdsZVBhZ2UiOnsiZW5hYmxlZCI6ImF1dG8iLCJlbmFibGVkSW5OYXJyb3ciOiJhdXRvIiwiYWN0aXZlIjoiYXV0byIsImFjdGl2ZUZvck1vYmlsZSI6ImF1dG8ifSwid2lkVG9vbGJhciI6eyJlbmFibGVkIjoiYXV0byIsImVuYWJsZWRJbk5hcnJvdyI6ImF1dG8ifX19LCJhdXRvVGh1bWJuYWlsIjoiaHR0cHM6XC9cL3d3dy5jaWVuY2lheWRlc2N1YnJpbWllbnRvLmNvbVwvZWRpdG9yaWFsXC93cC1jb250ZW50XC91cGxvYWRzXC8zZC1mbGlwLWJvb2tcL2F1dG8tdGh1bWJuYWlsc1wvMTg4NS5wbmciLCJwb3N0X25hbWUiOiJhcHJlbmRlci1hLWFwcmVuZGVyIiwicG9zdF90eXBlIjoiM2QtZmxpcC1ib29rIn19LCJwYWdlcyI6W10sImZpcnN0UGFnZXMiOltdfQ==');window.FB3D_CLIENT_LOCALE && FB3D_CLIENT_LOCALE.render && FB3D_CLIENT_LOCALE.render();<\/script>\n<h2><strong data-spm-anchor-id=\"a2ty_o01.29997173.0.i3.31d2c921Mj9yKM\">Transforma tus ideas en libro \u2013 reserva una cita con nuestro equipo editorial.<\/strong><!--\nPlugin Name: Bookly - Responsive WordPress Appointment Booking and Scheduling Plugin\nPlugin URI: https:\/\/www.booking-wp-plugin.com\/?utm_source=bookly_admin&utm_medium=plugins_page&utm_campaign=plugins_page\nVersion: 27.5-->\n<style type=\"text\/css\">\n    :root {\n        --bookly-main-color: #5f5ab2 !important;\n        --bookly-color: #5f5ab2 !important;\n    }\n\n    <\/style><div class=\"bookly-css-root\">\n    <div id=\"bookly-form-container-6a08ff09914f6\" class=\"bookly-form\" data-form_id=\"\" aria-live=\"polite\">\n        <div style=\"text-align: center\"><img decoding=\"async\" src=\"https:\/\/www.cienciaydescubrimiento.com\/editorial\/wp-includes\/js\/tinymce\/skins\/lightgray\/img\/loader.gif\" alt=\"Cargando ...\"\/><\/div>\n    <\/div>\n<\/div>\n<script type=\"text\/javascript\">\n    (function (win, fn) {\n        var done = false, top = true,\n            doc = win.document,\n            root = doc.documentElement,\n            modern = doc.addEventListener,\n            add = modern ? 'addEventListener' : 'attachEvent',\n            rem = modern ? 'removeEventListener' : 'detachEvent',\n            pre = modern ? '' : 'on',\n            init = function (e) {\n                if (e.type == 'readystatechange') if (doc.readyState != 'complete') return;\n                (e.type == 'load' ? win : doc)[rem](pre + e.type, init, false);\n                if (!done) {\n                    done = true;\n                    fn.call(win, e.type || e);\n                }\n            },\n            poll = function () {\n                try {\n                    root.doScroll('left');\n                } catch (e) {\n                    setTimeout(poll, 50);\n                    return;\n                }\n                init('poll');\n            };\n        if (doc.readyState == 'complete') fn.call(win, 'lazy');\n        else {\n            if (!modern) if (root.doScroll) {\n                try {\n                    top = !win.frameElement;\n                } catch (e) {\n                }\n                if (top) poll();\n            }\n            doc[add](pre + 'DOMContentLoaded', init, false);\n            doc[add](pre + 'readystatechange', init, false);\n            win[add](pre + 'load', init, false);\n        }\n    })(window, function () {\n        window.bookly( {\"form_id\":\"6a08ff09914f6\",\"form_data\":{\"skip_service_step\":0,\"hide_service_part1\":0,\"hide_service_part2\":0,\"defaults\":{\"service_id\":0,\"staff_id\":0,\"location_id\":0,\"category_id\":0,\"units\":0,\"date_from\":0,\"time_from\":0,\"time_to\":0}},\"status\":{\"booking\":\"new\"},\"form_token\":null,\"skip_steps\":{\"service_part1\":0,\"service_part2\":0,\"extras\":1,\"time\":0,\"repeat\":1,\"cart\":1},\"errors\":{\"session_error\":\"Error de sesi\\u00f3n.\",\"form_id_error\":\"Error Identificaci\\u00f3n formulario.\",\"cart_item_not_available\":\"La hora seleccionada ya no est\\u00e1 disponible. Por favor elije otra ranura de hora.\",\"pay_locally_not_available\":\"Pagu\\u00e9 no est\\u00e1 disponible.\",\"invalid_gateway\":\"Puerta de enlace no es v\\u00e1lido.\",\"payment_error\":\"Error.\",\"incorrect_username_password\":\"Nombre de usuario o contrase\\u00f1a incorrectos.\"},\"form_attributes\":{\"hide_categories\":false,\"hide_services\":false,\"hide_staff_members\":false,\"show_number_of_persons\":false,\"hide_service_duration\":true,\"hide_locations\":true,\"hide_quantity\":true,\"hide_date\":false,\"hide_week_days\":false,\"hide_time_range\":false},\"use_client_time_zone\":0,\"defaults\":{\"service_id\":0,\"staff_id\":0,\"location_id\":0,\"category_id\":0},\"datepicker_mode\":\"bg-accent\"} );\n    });\n<\/script><\/h2>\n","protected":false},"excerpt":{"rendered":"<p>Manual con estrategias pr\u00e1cticas para el \u00e9xito acad\u00e9mico y personal, enfocado en autoconocimiento, gesti\u00f3n del tiempo y desarrollo de habilidades cognitivas como memoria y comprensi\u00f3n lectora.<\/p>\n","protected":false},"featured_media":1895,"comment_status":"open","ping_status":"closed","template":"","meta":[],"product_brand":[],"product_cat":[121,50,99,105,120,38,100],"product_tag":[680,696,373,686,691,689,688,692,342,167,695,681,690,682,693,683,685,694,687,684],"class_list":{"0":"post-1887","1":"product","2":"type-product","3":"status-publish","4":"has-post-thumbnail","6":"product_cat-desarrollo-docente","7":"product_cat-educacion","8":"product_cat-educacion-inclusiva","9":"product_cat-educacion-superior","10":"product_cat-gestion-educativa","11":"product_cat-innovacion","12":"product_cat-tecnologia-y-aprendizaje","13":"product_tag-aprender-a-aprender","14":"product_tag-autoaprendizaje","15":"product_tag-autoconocimiento","16":"product_tag-autoevaluacion","17":"product_tag-autores-tigse-herrera","18":"product_tag-comprension-lectora","19":"product_tag-concentracion","20":"product_tag-cruz-vergara","21":"product_tag-desarrollo-personal","22":"product_tag-docentes","23":"product_tag-educacion-continua","24":"product_tag-estrategias-de-estudio","25":"product_tag-estudiantes","26":"product_tag-exito-academico","27":"product_tag-freire-gaibor","28":"product_tag-gestion-del-tiempo","29":"product_tag-habilidades-cognitivas","30":"product_tag-maza-maldonado","31":"product_tag-mejora-de-memoria","32":"product_tag-procrastinacion","34":"first","35":"instock","36":"taxable","37":"shipping-taxable","38":"product-type-simple"},"_links":{"self":[{"href":"https:\/\/www.cienciaydescubrimiento.com\/editorial\/wp-json\/wp\/v2\/product\/1887","targetHints":{"allow":["GET"]}}],"collection":[{"href":"https:\/\/www.cienciaydescubrimiento.com\/editorial\/wp-json\/wp\/v2\/product"}],"about":[{"href":"https:\/\/www.cienciaydescubrimiento.com\/editorial\/wp-json\/wp\/v2\/types\/product"}],"replies":[{"embeddable":true,"href":"https:\/\/www.cienciaydescubrimiento.com\/editorial\/wp-json\/wp\/v2\/comments?post=1887"}],"wp:featuredmedia":[{"embeddable":true,"href":"https:\/\/www.cienciaydescubrimiento.com\/editorial\/wp-json\/wp\/v2\/media\/1895"}],"wp:attachment":[{"href":"https:\/\/www.cienciaydescubrimiento.com\/editorial\/wp-json\/wp\/v2\/media?parent=1887"}],"wp:term":[{"taxonomy":"product_brand","embeddable":true,"href":"https:\/\/www.cienciaydescubrimiento.com\/editorial\/wp-json\/wp\/v2\/product_brand?post=1887"},{"taxonomy":"product_cat","embeddable":true,"href":"https:\/\/www.cienciaydescubrimiento.com\/editorial\/wp-json\/wp\/v2\/product_cat?post=1887"},{"taxonomy":"product_tag","embeddable":true,"href":"https:\/\/www.cienciaydescubrimiento.com\/editorial\/wp-json\/wp\/v2\/product_tag?post=1887"}],"curies":[{"name":"wp","href":"https:\/\/api.w.org\/{rel}","templated":true}]}}