{"id":672,"date":"2025-01-21T12:33:53","date_gmt":"2025-01-21T12:33:53","guid":{"rendered":"https:\/\/www.cienciaydescubrimiento.com\/editorial\/?post_type=product&#038;p=672"},"modified":"2025-06-05T23:07:21","modified_gmt":"2025-06-05T23:07:21","slug":"trazando-caminos-deporte-adapatado","status":"publish","type":"product","link":"https:\/\/www.cienciaydescubrimiento.com\/editorial\/producto\/trazando-caminos-deporte-adapatado\/","title":{"rendered":"Trazando Caminos: El Deporte Adaptado como Veh\u00edculo de Inclusi\u00f3n Educativa"},"content":{"rendered":"<div style=\"font-family: Arial, sans-serif; line-height: 1.6;\">\n<h1 style=\"color: #2c3e50;\">Trazando Caminos: El Deporte Adaptado como Veh\u00edculo de Inclusi\u00f3n Educativa<\/h1>\n<p>\ud83c\udf1f Este libro ofrece una visi\u00f3n integral sobre el impacto del deporte adaptado como herramienta para promover la inclusi\u00f3n en entornos educativos diversos.<\/p>\n<p>\ud83d\udee4\ufe0f A lo largo de sus p\u00e1ginas, se exploran estudios de caso conmovedores, estrategias pedag\u00f3gicas innovadoras y adaptaciones curriculares que fomentan un aprendizaje inclusivo y equitativo. El deporte adaptado no solo mejora la autoestima y el rendimiento acad\u00e9mico de los estudiantes con discapacidad, sino que tambi\u00e9n fortalece las comunidades educativas al celebrar la diversidad. \ud83d\udcaa<\/p>\n<p>\ud83c\udf93 Adem\u00e1s, la obra destaca el papel de los educadores y la importancia de la formaci\u00f3n docente especializada para crear ambientes inclusivos y accesibles para todos los estudiantes.<\/p>\n<h2 style=\"color: #2980b9;\">\ud83d\udc69\u200d\ud83d\udcbc Autores<\/h2>\n<ul>\n<li><strong>Dr. Rainy Camacho<\/strong>: Reconocido por su trabajo en educaci\u00f3n inclusiva y deporte adaptado.<\/li>\n<\/ul>\n<p style=\"font-size: 12px; color: #7f8c8d;\">Publicado por <strong>Editorial Ciencia y Descubrimiento<\/strong>, bajo solicitud de los autores.<\/p>\n<h2 style=\"color: #8e44ad;\">\u2728 \u00bfPor qu\u00e9 leer este libro?<\/h2>\n<ul>\n<li>\ud83d\udca1 Descubre el poder transformador del deporte adaptado en la educaci\u00f3n.<\/li>\n<li>\ud83c\udf0d Aprende c\u00f3mo crear comunidades inclusivas y fomentar la diversidad.<\/li>\n<li>\ud83d\udcda Una gu\u00eda pr\u00e1ctica para educadores y profesionales comprometidos con la inclusi\u00f3n.<\/li>\n<\/ul>\n<p style=\"text-align: center; font-weight: bold; color: #c0392b;\">\u00a1Convi\u00e9rtete en un agente de cambio en la educaci\u00f3n inclusiva! \ud83d\ude80<\/p>\n<\/div>\n<div class=\"_3d-flip-book  fb3d-fullscreen-mode full-size\" data-id=\"666\" data-mode=\"fullscreen\" data-title=\"false\" data-template=\"short-white-book-view\" data-lightbox=\"dark-shadow\" data-urlparam=\"fb3d-page\" data-page-n=\"0\" data-pdf=\"\" data-tax=\"null\" data-thumbnail=\"\" data-cols=\"3\" data-book-template=\"default\" data-trigger=\"\"><\/div><script type=\"text\/javascript\">window.FB3D_CLIENT_DATA = window.FB3D_CLIENT_DATA || [];FB3D_CLIENT_DATA.push('eyJwb3N0cyI6eyI2NjYiOnsiSUQiOjY2NiwidGl0bGUiOiJUcmF6YW5kbyBDYW1pbm9zOiBFbCBEZXBvcnRlIEFkYXB0YWRvIGNvbW8gVmVoXHUwMGVkY3VsbyBkZSBJbmNsdXNpXHUwMGYzbiBFZHVjYXRpdmEiLCJ0eXBlIjoicGRmIiwicmVhZHlfZnVuY3Rpb24iOiIiLCJib29rX3N0eWxlIjoiZmxhdCIsImJvb2tfdGVtcGxhdGUiOiJub25lIiwib3V0bGluZSI6W10sImRhdGEiOnsicG9zdF9JRCI6IjExOTkiLCJndWlkIjoiaHR0cHM6XC9cL3d3dy5jaWVuY2lheWRlc2N1YnJpbWllbnRvLmNvbVwvZWRpdG9yaWFsXC93cC1jb250ZW50XC91cGxvYWRzXC8yMDI1XC8wMVwvdHJhemFuZG8tY2FtaW5vcy0xLTIwX2MucGRmIiwicGRmX3BhZ2VzIjoiMjAiLCJwYWdlc19jdXN0b21pemF0aW9uIjoibm9uZSJ9LCJ0aHVtYm5haWwiOnsiZGF0YSI6eyJwb3N0X0lEIjoiMCJ9LCJ0eXBlIjoiYXV0byJ9LCJwcm9wcyI6eyJiYWNrZ3JvdW5kQ29sb3IiOiJhdXRvIiwiYmFja2dyb3VuZEltYWdlIjoiYXV0byIsImJhY2tncm91bmRTdHlsZSI6ImF1dG8iLCJoaWdobGlnaHRMaW5rcyI6ImF1dG8iLCJsaWdodGluZyI6ImF1dG8iLCJzaW5nbGVQYWdlTW9kZSI6ImF1dG8iLCJjYWNoZWRQYWdlcyI6ImF1dG8iLCJyZW5kZXJJbmFjdGl2ZVBhZ2VzIjoiYXV0byIsInJlbmRlckluYWN0aXZlUGFnZXNPbk1vYmlsZSI6ImF1dG8iLCJyZW5kZXJXaGlsZUZsaXBwaW5nIjoiYXV0byIsInByZWxvYWRQYWdlcyI6ImF1dG8iLCJhdXRvUGxheUR1cmF0aW9uIjoiYXV0byIsInJ0bCI6ImF1dG8iLCJpbnRlcmFjdGl2ZUNvcm5lcnMiOiJhdXRvIiwibWF4RGVwdGgiOiJhdXRvIiwic2hlZXQiOnsic3RhcnRWZWxvY2l0eSI6ImF1dG8iLCJ3YXZlIjoiYXV0byIsInNoYXBlIjoiYXV0byIsIndpZHRoVGV4ZWxzIjoiYXV0byIsImNvbG9yIjoiYXV0byIsInNpZGUiOiJhdXRvIiwic3RyZXRjaEltYWdlcyI6ImF1dG8iLCJjb3JuZXJEZXZpYXRpb24iOiJhdXRvIiwiZmxleGliaWxpdHkiOiJhdXRvIiwiZmxleGlibGVDb3JuZXIiOiJhdXRvIiwiYmVuZGluZyI6ImF1dG8iLCJoZWlnaHRUZXhlbHMiOiJhdXRvIn0sImNvdmVyIjp7IndhdmUiOiJhdXRvIiwiY29sb3IiOiJhdXRvIiwic2lkZSI6ImF1dG8iLCJzdHJldGNoSW1hZ2VzIjoiYXV0byIsImJpbmRlclRleHR1cmUiOiJhdXRvIiwiZGVwdGgiOiJhdXRvIiwicGFkZGluZyI6ImF1dG8iLCJzdGFydFZlbG9jaXR5IjoiYXV0byIsImZsZXhpYmlsaXR5IjoiYXV0byIsImZsZXhpYmxlQ29ybmVyIjoiYXV0byIsImJlbmRpbmciOiJhdXRvIiwid2lkdGhUZXhlbHMiOiJhdXRvIiwiaGVpZ2h0VGV4ZWxzIjoiYXV0byIsIm1hc3MiOiJhdXRvIiwic2hhcGUiOiJhdXRvIn0sInBhZ2UiOnsid2F2ZSI6ImF1dG8iLCJjb2xvciI6ImF1dG8iLCJzaWRlIjoiYXV0byIsInN0cmV0Y2hJbWFnZXMiOiJhdXRvIiwiZGVwdGgiOiJhdXRvIiwic3RhcnRWZWxvY2l0eSI6ImF1dG8iLCJmbGV4aWJpbGl0eSI6ImF1dG8iLCJmbGV4aWJsZUNvcm5lciI6ImF1dG8iLCJiZW5kaW5nIjoiYXV0byIsIndpZHRoVGV4ZWxzIjoiYXV0byIsImhlaWdodFRleGVscyI6ImF1dG8iLCJtYXNzIjoiYXV0byIsInNoYXBlIjoiYXV0byJ9LCJoZWlnaHQiOiJhdXRvIiwid2lkdGgiOiJhdXRvIiwiZ3Jhdml0eSI6ImF1dG8iLCJwYWdlc0ZvclByZWRpY3RpbmciOiJhdXRvIn0sImNvbnRyb2xQcm9wcyI6eyJhY3Rpb25zIjp7ImNtZFRvYyI6eyJlbmFibGVkIjoiYXV0byIsImVuYWJsZWRJbk5hcnJvdyI6ImF1dG8iLCJhY3RpdmUiOiJhdXRvIiwiZGVmYXVsdFRhYiI6ImF1dG8ifSwiY21kQXV0b1BsYXkiOnsiZW5hYmxlZCI6ImF1dG8iLCJlbmFibGVkSW5OYXJyb3ciOiJhdXRvIiwiYWN0aXZlIjoiYXV0byJ9LCJjbWRTYXZlIjp7ImVuYWJsZWQiOiJhdXRvIiwiZW5hYmxlZEluTmFycm93IjoiYXV0byJ9LCJjbWRQcmludCI6eyJlbmFibGVkIjoiYXV0byIsImVuYWJsZWRJbk5hcnJvdyI6ImF1dG8ifSwiY21kU2luZ2xlUGFnZSI6eyJlbmFibGVkIjoiYXV0byIsImVuYWJsZWRJbk5hcnJvdyI6ImF1dG8iLCJhY3RpdmUiOiJhdXRvIiwiYWN0aXZlRm9yTW9iaWxlIjoiYXV0byJ9LCJ3aWRUb29sYmFyIjp7ImVuYWJsZWQiOiJhdXRvIiwiZW5hYmxlZEluTmFycm93IjoiYXV0byJ9fX0sImF1dG9UaHVtYm5haWwiOiJodHRwczpcL1wvd3d3LmNpZW5jaWF5ZGVzY3VicmltaWVudG8uY29tXC9lZGl0b3JpYWxcL3dwLWNvbnRlbnRcL3VwbG9hZHNcLzNkLWZsaXAtYm9va1wvYXV0by10aHVtYm5haWxzXC82NjYucG5nIiwicG9zdF9uYW1lIjoidHJhemFuZG8tY2FtaW5vcy1lbC1kZXBvcnRlLWFkYXB0YWRvLWNvbW8tdmVoaWN1bG8tZGUtaW5jbHVzaW9uLWVkdWNhdGl2YSIsInBvc3RfdHlwZSI6IjNkLWZsaXAtYm9vayJ9fSwicGFnZXMiOltdLCJmaXJzdFBhZ2VzIjpbXX0=');window.FB3D_CLIENT_LOCALE && FB3D_CLIENT_LOCALE.render && FB3D_CLIENT_LOCALE.render();<\/script>\n<hr \/>\n<h2><strong data-spm-anchor-id=\"a2ty_o01.29997173.0.i3.31d2c921Mj9yKM\">Transforma tus ideas en libro &#8211; reserva una cita con nuestro equipo editorial.<\/strong><\/h2>\n<!--\nPlugin Name: Bookly - Responsive WordPress Appointment Booking and Scheduling Plugin\nPlugin URI: https:\/\/www.booking-wp-plugin.com\/?utm_source=bookly_admin&utm_medium=plugins_page&utm_campaign=plugins_page\nVersion: 27.5-->\n<style type=\"text\/css\">\n    :root {\n        --bookly-main-color: #5f5ab2 !important;\n        --bookly-color: #5f5ab2 !important;\n    }\n\n    <\/style><div class=\"bookly-css-root\">\n    <div id=\"bookly-form-container-6a08ff101a731\" class=\"bookly-form\" data-form_id=\"\" aria-live=\"polite\">\n        <div style=\"text-align: center\"><img decoding=\"async\" src=\"https:\/\/www.cienciaydescubrimiento.com\/editorial\/wp-includes\/js\/tinymce\/skins\/lightgray\/img\/loader.gif\" alt=\"Cargando ...\"\/><\/div>\n    <\/div>\n<\/div>\n<script type=\"text\/javascript\">\n    (function (win, fn) {\n        var done = false, top = true,\n            doc = win.document,\n            root = doc.documentElement,\n            modern = doc.addEventListener,\n            add = modern ? 'addEventListener' : 'attachEvent',\n            rem = modern ? 'removeEventListener' : 'detachEvent',\n            pre = modern ? '' : 'on',\n            init = function (e) {\n                if (e.type == 'readystatechange') if (doc.readyState != 'complete') return;\n                (e.type == 'load' ? win : doc)[rem](pre + e.type, init, false);\n                if (!done) {\n                    done = true;\n                    fn.call(win, e.type || e);\n                }\n            },\n            poll = function () {\n                try {\n                    root.doScroll('left');\n                } catch (e) {\n                    setTimeout(poll, 50);\n                    return;\n                }\n                init('poll');\n            };\n        if (doc.readyState == 'complete') fn.call(win, 'lazy');\n        else {\n            if (!modern) if (root.doScroll) {\n                try {\n                    top = !win.frameElement;\n                } catch (e) {\n                }\n                if (top) poll();\n            }\n            doc[add](pre + 'DOMContentLoaded', init, false);\n            doc[add](pre + 'readystatechange', init, false);\n            win[add](pre + 'load', init, false);\n        }\n    })(window, function () {\n        window.bookly( {\"form_id\":\"6a08ff101a731\",\"form_data\":{\"skip_service_step\":0,\"hide_service_part1\":0,\"hide_service_part2\":0,\"defaults\":{\"service_id\":0,\"staff_id\":0,\"location_id\":0,\"category_id\":0,\"units\":0,\"date_from\":0,\"time_from\":0,\"time_to\":0}},\"status\":{\"booking\":\"new\"},\"form_token\":null,\"skip_steps\":{\"service_part1\":0,\"service_part2\":0,\"extras\":1,\"time\":0,\"repeat\":1,\"cart\":1},\"errors\":{\"session_error\":\"Error de sesi\\u00f3n.\",\"form_id_error\":\"Error Identificaci\\u00f3n formulario.\",\"cart_item_not_available\":\"La hora seleccionada ya no est\\u00e1 disponible. Por favor elije otra ranura de hora.\",\"pay_locally_not_available\":\"Pagu\\u00e9 no est\\u00e1 disponible.\",\"invalid_gateway\":\"Puerta de enlace no es v\\u00e1lido.\",\"payment_error\":\"Error.\",\"incorrect_username_password\":\"Nombre de usuario o contrase\\u00f1a incorrectos.\"},\"form_attributes\":{\"hide_categories\":false,\"hide_services\":false,\"hide_staff_members\":false,\"show_number_of_persons\":false,\"hide_service_duration\":true,\"hide_locations\":true,\"hide_quantity\":true,\"hide_date\":false,\"hide_week_days\":false,\"hide_time_range\":false},\"use_client_time_zone\":0,\"defaults\":{\"service_id\":0,\"staff_id\":0,\"location_id\":0,\"category_id\":0},\"datepicker_mode\":\"bg-accent\"} );\n    });\n<\/script>\n","protected":false},"excerpt":{"rendered":"<p>Trazando Caminos: El Deporte Adaptado como Veh\u00edculo de Inclusi\u00f3n Educativa \ud83c\udf1f Este libro ofrece una visi\u00f3n integral sobre el impacto del deporte adaptado como herramienta para promover la inclusi\u00f3n en entornos educativos diversos. \ud83d\udee4\ufe0f A lo largo de sus p\u00e1ginas, se exploran estudios de caso conmovedores, estrategias pedag\u00f3gicas innovadoras y adaptaciones curriculares que fomentan un aprendizaje inclusivo y equitativo. El deporte adaptado no solo mejora la autoestima y el rendimiento acad\u00e9mico de los estudiantes con discapacidad, sino que tambi\u00e9n fortalece las comunidades educativas al celebrar la diversidad. \ud83d\udcaa \ud83c\udf93 Adem\u00e1s, la obra destaca el papel de los educadores y la importancia de la formaci\u00f3n docente especializada para crear ambientes inclusivos y accesibles para todos los estudiantes. \ud83d\udc69\u200d\ud83d\udcbc Autores Dr. Rainy Camacho: Reconocido por su trabajo en educaci\u00f3n inclusiva y deporte adaptado. Publicado por Editorial Ciencia y Descubrimiento, bajo solicitud de los autores. \u2728 \u00bfPor qu\u00e9 leer este libro? \ud83d\udca1 Descubre el poder transformador del deporte adaptado en la educaci\u00f3n. \ud83c\udf0d Aprende c\u00f3mo crear comunidades inclusivas y fomentar la diversidad. \ud83d\udcda Una gu\u00eda pr\u00e1ctica para educadores y profesionales comprometidos con la inclusi\u00f3n. \u00a1Convi\u00e9rtete en un agente de cambio en la educaci\u00f3n inclusiva! \ud83d\ude80 Transforma tus ideas en libro &#8211; reserva una cita con nuestro equipo editorial.<\/p>\n","protected":false},"featured_media":1329,"comment_status":"open","ping_status":"closed","template":"","meta":[],"product_brand":[],"product_cat":[114,99,18,39],"product_tag":[178,179,61,102,159],"class_list":{"0":"post-672","1":"product","2":"type-product","3":"status-publish","4":"has-post-thumbnail","6":"product_cat-educacion-fisica","7":"product_cat-educacion-inclusiva","8":"product_cat-sin-categorizar","9":"product_cat-tendencias-educativas","10":"product_tag-deporte-adaptado","11":"product_tag-diversidad","12":"product_tag-educacion","13":"product_tag-estrategias-pedagogicas","14":"product_tag-inclusion","16":"first","17":"instock","18":"sale","19":"taxable","20":"shipping-taxable","21":"purchasable","22":"product-type-simple"},"_links":{"self":[{"href":"https:\/\/www.cienciaydescubrimiento.com\/editorial\/wp-json\/wp\/v2\/product\/672","targetHints":{"allow":["GET"]}}],"collection":[{"href":"https:\/\/www.cienciaydescubrimiento.com\/editorial\/wp-json\/wp\/v2\/product"}],"about":[{"href":"https:\/\/www.cienciaydescubrimiento.com\/editorial\/wp-json\/wp\/v2\/types\/product"}],"replies":[{"embeddable":true,"href":"https:\/\/www.cienciaydescubrimiento.com\/editorial\/wp-json\/wp\/v2\/comments?post=672"}],"wp:featuredmedia":[{"embeddable":true,"href":"https:\/\/www.cienciaydescubrimiento.com\/editorial\/wp-json\/wp\/v2\/media\/1329"}],"wp:attachment":[{"href":"https:\/\/www.cienciaydescubrimiento.com\/editorial\/wp-json\/wp\/v2\/media?parent=672"}],"wp:term":[{"taxonomy":"product_brand","embeddable":true,"href":"https:\/\/www.cienciaydescubrimiento.com\/editorial\/wp-json\/wp\/v2\/product_brand?post=672"},{"taxonomy":"product_cat","embeddable":true,"href":"https:\/\/www.cienciaydescubrimiento.com\/editorial\/wp-json\/wp\/v2\/product_cat?post=672"},{"taxonomy":"product_tag","embeddable":true,"href":"https:\/\/www.cienciaydescubrimiento.com\/editorial\/wp-json\/wp\/v2\/product_tag?post=672"}],"curies":[{"name":"wp","href":"https:\/\/api.w.org\/{rel}","templated":true}]}}