{"id":947,"date":"2025-05-26T17:21:36","date_gmt":"2025-05-26T17:21:36","guid":{"rendered":"https:\/\/www.cienciaydescubrimiento.com\/editorial\/?post_type=product&#038;p=947"},"modified":"2025-06-05T22:58:02","modified_gmt":"2025-06-05T22:58:02","slug":"karate","status":"publish","type":"product","link":"https:\/\/www.cienciaydescubrimiento.com\/editorial\/producto\/karate\/","title":{"rendered":"Karate \u2013 El camino perpetuo de mi vida"},"content":{"rendered":"<h2 data-spm-anchor-id=\"a2ty_o01.29997173.0.i34.16c7c921rAV0q4\">\u00bfAlguna vez has so\u00f1ado con dedicar tu vida a algo que amas profundamente?<\/h2>\n<p data-spm-anchor-id=\"a2ty_o01.29997173.0.i34.16c7c921rAV0q4\">\u00a1Rub\u00e9n Cernuda lo hizo realidad! En <em data-spm-anchor-id=\"a2ty_o01.29997173.0.i35.16c7c921rAV0q4\">\u00ab<strong data-spm-anchor-id=\"a2ty_o01.29997173.0.i41.16c7c921rAV0q4\">Karate \u2013 El camino perpetuo de mi vida\u00bb<\/strong><\/em>, el maestro nos invita a recorrer junto a \u00e9l m\u00e1s de <strong>45 a\u00f1os de experiencia <\/strong>en el mundo del Karate-Do.<\/p>\n<p data-spm-anchor-id=\"a2ty_o01.29997173.0.i45.16c7c921rAV0q4\">Este no es un manual t\u00e9cnico cualquiera. Es mucho m\u00e1s que eso. Es una narraci\u00f3n sincera y emocional sobre su trayectoria como instructor, su evoluci\u00f3n personal y profesional, y c\u00f3mo el Karate se convirti\u00f3 en su <strong>filosof\u00eda de vida <\/strong>. \ud83e\udd4b\u2764\ufe0f<\/p>\n<p>A trav\u00e9s de sus p\u00e1ginas, el maestro Rub\u00e9n comparte an\u00e9cdotas, ense\u00f1anzas y desaf\u00edos superados, todo ello hilado con valores fundamentales como el <strong>respeto, la humildad, la disciplina y la autenticidad<\/strong>. Un viaje inspirador que no solo habla de artes marciales, sino tambi\u00e9n de autoconocimiento, crecimiento interno y el poder del desapego. \ud83e\uddd8\u200d\u2642\ufe0f\u2728<\/p>\n<p>Adem\u00e1s, descubrir\u00e1s c\u00f3mo este apasionado maestro logr\u00f3 construir su propia academia internacional, enfrentando cr\u00edticas, separ\u00e1ndose de influencias t\u00f3xicas y forjando un legado que trasciende fronteras. \ud83c\udf0e\ud83d\udcda<\/p>\n<p><em>\u00abIgual que pienso, as\u00ed soy\u00bb <\/em>\u2014 Rub\u00e9n Cernuda<\/p>\n<div class=\"my-2\"><\/div>\n<p data-spm-anchor-id=\"a2ty_o01.29997173.0.i36.16c7c921rAV0q4\">\u00bfTe gustar\u00eda conocer a un hombre que vive su sue\u00f1o cada d\u00eda?<\/p>\n<p data-spm-anchor-id=\"a2ty_o01.29997173.0.i36.16c7c921rAV0q4\">\u00bfQuieres encontrar inspiraci\u00f3n para no rendirte ante las adversidades?<\/p>\n<p data-spm-anchor-id=\"a2ty_o01.29997173.0.i36.16c7c921rAV0q4\">Entonces <strong data-spm-anchor-id=\"a2ty_o01.29997173.0.i37.16c7c921rAV0q4\">este libro es para ti <\/strong>. \ud83d\ude4c<\/p>\n<p data-spm-anchor-id=\"a2ty_o01.29997173.0.i36.16c7c921rAV0q4\"><div class=\"_3d-flip-book  fb3d-fullscreen-mode full-size\" data-id=\"940\" data-mode=\"fullscreen\" data-title=\"false\" data-template=\"short-white-book-view\" data-lightbox=\"dark-shadow\" data-urlparam=\"fb3d-page\" data-page-n=\"0\" data-pdf=\"\" data-tax=\"null\" data-thumbnail=\"\" data-cols=\"3\" data-book-template=\"default\" data-trigger=\"\"><\/div><script type=\"text\/javascript\">window.FB3D_CLIENT_DATA = window.FB3D_CLIENT_DATA || [];FB3D_CLIENT_DATA.push('eyJwb3N0cyI6eyI5NDAiOnsiSUQiOjk0MCwidGl0bGUiOiJLQVJBVEUgLSBFbCBjYW1pbm8gcGVycGV0dW8gZGUgbWkgdmlkYSIsInR5cGUiOiJwZGYiLCJyZWFkeV9mdW5jdGlvbiI6IiIsImJvb2tfc3R5bGUiOiJmbGF0IiwiYm9va190ZW1wbGF0ZSI6Im5vbmUiLCJvdXRsaW5lIjpbXSwiZGF0YSI6eyJwb3N0X0lEIjoiMTE4MiIsImd1aWQiOiJodHRwczpcL1wvd3d3LmNpZW5jaWF5ZGVzY3VicmltaWVudG8uY29tXC9lZGl0b3JpYWxcL3dwLWNvbnRlbnRcL3VwbG9hZHNcLzIwMjVcLzA1XC9LYXJhdGUtRWwtY2FtaW5vLXBlcnBldHVvLWRlLW1pLXZpZGEtcGFyYS1pbXByaW1pci0xLTIwLnBkZiIsInBkZl9wYWdlcyI6IjIwIiwicGFnZXNfY3VzdG9taXphdGlvbiI6Im5vbmUifSwidGh1bWJuYWlsIjp7ImRhdGEiOnsicG9zdF9JRCI6IjAifSwidHlwZSI6ImF1dG8ifSwicHJvcHMiOnsiYmFja2dyb3VuZENvbG9yIjoiYXV0byIsImJhY2tncm91bmRJbWFnZSI6ImF1dG8iLCJiYWNrZ3JvdW5kU3R5bGUiOiJhdXRvIiwiaGlnaGxpZ2h0TGlua3MiOiJhdXRvIiwibGlnaHRpbmciOiJhdXRvIiwic2luZ2xlUGFnZU1vZGUiOiJhdXRvIiwiY2FjaGVkUGFnZXMiOiJhdXRvIiwicmVuZGVySW5hY3RpdmVQYWdlcyI6ImF1dG8iLCJyZW5kZXJJbmFjdGl2ZVBhZ2VzT25Nb2JpbGUiOiJhdXRvIiwicmVuZGVyV2hpbGVGbGlwcGluZyI6ImF1dG8iLCJwcmVsb2FkUGFnZXMiOiJhdXRvIiwiYXV0b1BsYXlEdXJhdGlvbiI6ImF1dG8iLCJydGwiOiJhdXRvIiwiaW50ZXJhY3RpdmVDb3JuZXJzIjoiYXV0byIsIm1heERlcHRoIjoiYXV0byIsInNoZWV0Ijp7InN0YXJ0VmVsb2NpdHkiOiJhdXRvIiwid2F2ZSI6ImF1dG8iLCJzaGFwZSI6ImF1dG8iLCJ3aWR0aFRleGVscyI6ImF1dG8iLCJjb2xvciI6ImF1dG8iLCJzaWRlIjoiYXV0byIsInN0cmV0Y2hJbWFnZXMiOiJhdXRvIiwiY29ybmVyRGV2aWF0aW9uIjoiYXV0byIsImZsZXhpYmlsaXR5IjoiYXV0byIsImZsZXhpYmxlQ29ybmVyIjoiYXV0byIsImJlbmRpbmciOiJhdXRvIiwiaGVpZ2h0VGV4ZWxzIjoiYXV0byJ9LCJjb3ZlciI6eyJ3YXZlIjoiYXV0byIsImNvbG9yIjoiYXV0byIsInNpZGUiOiJhdXRvIiwic3RyZXRjaEltYWdlcyI6ImF1dG8iLCJiaW5kZXJUZXh0dXJlIjoiYXV0byIsImRlcHRoIjoiYXV0byIsInBhZGRpbmciOiJhdXRvIiwic3RhcnRWZWxvY2l0eSI6ImF1dG8iLCJmbGV4aWJpbGl0eSI6ImF1dG8iLCJmbGV4aWJsZUNvcm5lciI6ImF1dG8iLCJiZW5kaW5nIjoiYXV0byIsIndpZHRoVGV4ZWxzIjoiYXV0byIsImhlaWdodFRleGVscyI6ImF1dG8iLCJtYXNzIjoiYXV0byIsInNoYXBlIjoiYXV0byJ9LCJwYWdlIjp7IndhdmUiOiJhdXRvIiwiY29sb3IiOiJhdXRvIiwic2lkZSI6ImF1dG8iLCJzdHJldGNoSW1hZ2VzIjoiYXV0byIsImRlcHRoIjoiYXV0byIsInN0YXJ0VmVsb2NpdHkiOiJhdXRvIiwiZmxleGliaWxpdHkiOiJhdXRvIiwiZmxleGlibGVDb3JuZXIiOiJhdXRvIiwiYmVuZGluZyI6ImF1dG8iLCJ3aWR0aFRleGVscyI6ImF1dG8iLCJoZWlnaHRUZXhlbHMiOiJhdXRvIiwibWFzcyI6ImF1dG8iLCJzaGFwZSI6ImF1dG8ifSwiaGVpZ2h0IjoiYXV0byIsIndpZHRoIjoiYXV0byIsImdyYXZpdHkiOiJhdXRvIiwicGFnZXNGb3JQcmVkaWN0aW5nIjoiYXV0byJ9LCJjb250cm9sUHJvcHMiOnsiYWN0aW9ucyI6eyJjbWRUb2MiOnsiZW5hYmxlZCI6ImF1dG8iLCJlbmFibGVkSW5OYXJyb3ciOiJhdXRvIiwiYWN0aXZlIjoiYXV0byIsImRlZmF1bHRUYWIiOiJhdXRvIn0sImNtZEF1dG9QbGF5Ijp7ImVuYWJsZWQiOiJhdXRvIiwiZW5hYmxlZEluTmFycm93IjoiYXV0byIsImFjdGl2ZSI6ImF1dG8ifSwiY21kU2F2ZSI6eyJlbmFibGVkIjoiYXV0byIsImVuYWJsZWRJbk5hcnJvdyI6ImF1dG8ifSwiY21kUHJpbnQiOnsiZW5hYmxlZCI6ImF1dG8iLCJlbmFibGVkSW5OYXJyb3ciOiJhdXRvIn0sImNtZFNpbmdsZVBhZ2UiOnsiZW5hYmxlZCI6ImF1dG8iLCJlbmFibGVkSW5OYXJyb3ciOiJhdXRvIiwiYWN0aXZlIjoiYXV0byIsImFjdGl2ZUZvck1vYmlsZSI6ImF1dG8ifSwid2lkVG9vbGJhciI6eyJlbmFibGVkIjoiYXV0byIsImVuYWJsZWRJbk5hcnJvdyI6ImF1dG8ifX19LCJhdXRvVGh1bWJuYWlsIjoiaHR0cHM6XC9cL3d3dy5jaWVuY2lheWRlc2N1YnJpbWllbnRvLmNvbVwvZWRpdG9yaWFsXC93cC1jb250ZW50XC91cGxvYWRzXC8zZC1mbGlwLWJvb2tcL2F1dG8tdGh1bWJuYWlsc1wvOTQwLnBuZyIsInBvc3RfbmFtZSI6ImthcmF0ZS1lbC1jYW1pbm8tcGVycGV0dW8tZGUtbWktdmlkYSIsInBvc3RfdHlwZSI6IjNkLWZsaXAtYm9vayJ9fSwicGFnZXMiOltdLCJmaXJzdFBhZ2VzIjpbXX0=');window.FB3D_CLIENT_LOCALE && FB3D_CLIENT_LOCALE.render && FB3D_CLIENT_LOCALE.render();<\/script><\/p>\n<hr \/>\n<h2><strong data-spm-anchor-id=\"a2ty_o01.29997173.0.i3.31d2c921Mj9yKM\">Transforma tus ideas en libro &#8211; reserva una cita con nuestro equipo editorial.<\/strong><\/h2>\n<!--\nPlugin Name: Bookly - Responsive WordPress Appointment Booking and Scheduling Plugin\nPlugin URI: https:\/\/www.booking-wp-plugin.com\/?utm_source=bookly_admin&utm_medium=plugins_page&utm_campaign=plugins_page\nVersion: 27.5-->\n<style type=\"text\/css\">\n    :root {\n        --bookly-main-color: #5f5ab2 !important;\n        --bookly-color: #5f5ab2 !important;\n    }\n\n    <\/style><div class=\"bookly-css-root\">\n    <div id=\"bookly-form-container-6a08ff070e7a7\" class=\"bookly-form\" data-form_id=\"\" aria-live=\"polite\">\n        <div style=\"text-align: center\"><img decoding=\"async\" src=\"https:\/\/www.cienciaydescubrimiento.com\/editorial\/wp-includes\/js\/tinymce\/skins\/lightgray\/img\/loader.gif\" alt=\"Cargando ...\"\/><\/div>\n    <\/div>\n<\/div>\n<script type=\"text\/javascript\">\n    (function (win, fn) {\n        var done = false, top = true,\n            doc = win.document,\n            root = doc.documentElement,\n            modern = doc.addEventListener,\n            add = modern ? 'addEventListener' : 'attachEvent',\n            rem = modern ? 'removeEventListener' : 'detachEvent',\n            pre = modern ? '' : 'on',\n            init = function (e) {\n                if (e.type == 'readystatechange') if (doc.readyState != 'complete') return;\n                (e.type == 'load' ? win : doc)[rem](pre + e.type, init, false);\n                if (!done) {\n                    done = true;\n                    fn.call(win, e.type || e);\n                }\n            },\n            poll = function () {\n                try {\n                    root.doScroll('left');\n                } catch (e) {\n                    setTimeout(poll, 50);\n                    return;\n                }\n                init('poll');\n            };\n        if (doc.readyState == 'complete') fn.call(win, 'lazy');\n        else {\n            if (!modern) if (root.doScroll) {\n                try {\n                    top = !win.frameElement;\n                } catch (e) {\n                }\n                if (top) poll();\n            }\n            doc[add](pre + 'DOMContentLoaded', init, false);\n            doc[add](pre + 'readystatechange', init, false);\n            win[add](pre + 'load', init, false);\n        }\n    })(window, function () {\n        window.bookly( {\"form_id\":\"6a08ff070e7a7\",\"form_data\":{\"skip_service_step\":0,\"hide_service_part1\":0,\"hide_service_part2\":0,\"defaults\":{\"service_id\":0,\"staff_id\":0,\"location_id\":0,\"category_id\":0,\"units\":0,\"date_from\":0,\"time_from\":0,\"time_to\":0}},\"status\":{\"booking\":\"new\"},\"form_token\":null,\"skip_steps\":{\"service_part1\":0,\"service_part2\":0,\"extras\":1,\"time\":0,\"repeat\":1,\"cart\":1},\"errors\":{\"session_error\":\"Error de sesi\\u00f3n.\",\"form_id_error\":\"Error Identificaci\\u00f3n formulario.\",\"cart_item_not_available\":\"La hora seleccionada ya no est\\u00e1 disponible. Por favor elije otra ranura de hora.\",\"pay_locally_not_available\":\"Pagu\\u00e9 no est\\u00e1 disponible.\",\"invalid_gateway\":\"Puerta de enlace no es v\\u00e1lido.\",\"payment_error\":\"Error.\",\"incorrect_username_password\":\"Nombre de usuario o contrase\\u00f1a incorrectos.\"},\"form_attributes\":{\"hide_categories\":false,\"hide_services\":false,\"hide_staff_members\":false,\"show_number_of_persons\":false,\"hide_service_duration\":true,\"hide_locations\":true,\"hide_quantity\":true,\"hide_date\":false,\"hide_week_days\":false,\"hide_time_range\":false},\"use_client_time_zone\":0,\"defaults\":{\"service_id\":0,\"staff_id\":0,\"location_id\":0,\"category_id\":0},\"datepicker_mode\":\"bg-accent\"} );\n    });\n<\/script>\n","protected":false},"excerpt":{"rendered":"<p>Conoce la vida del Maestro Rub\u00e9n Cernuda en <em>\u00abKarate \u2013 El camino perpetuo de mi vida\u00bb <\/em>. Inspiraci\u00f3n, disciplina y legado en el arte marcial.<\/p>\n","protected":false},"featured_media":1241,"comment_status":"open","ping_status":"closed","template":"","meta":[],"product_brand":[],"product_cat":[329,330,50,114,22,59],"product_tag":[347,332,340,338,342,335,116,341,339,348,337,346,331,349,333,336,350,345,344,343,334],"class_list":{"0":"post-947","1":"product","2":"type-product","3":"status-publish","4":"has-post-thumbnail","6":"product_cat-artes-marciales","7":"product_cat-autoayuda","8":"product_cat-educacion","9":"product_cat-educacion-fisica","10":"product_cat-libro","11":"product_cat-liderazgo","12":"product_tag-academia-internacional","13":"product_tag-artes-marciales","14":"product_tag-autoayuda","15":"product_tag-autoperfeccion","16":"product_tag-desarrollo-personal","17":"product_tag-disciplina","18":"product_tag-educacion-fisica","19":"product_tag-filosofia-del-karate","20":"product_tag-formacion-marcial","21":"product_tag-historia-del-karate","22":"product_tag-humildad","23":"product_tag-jka","24":"product_tag-karate","25":"product_tag-legado","26":"product_tag-libro-de-karate","27":"product_tag-respeto","28":"product_tag-ruben-cernuda","29":"product_tag-shotokan","30":"product_tag-tradicion-marcial","31":"product_tag-valores-humanos","32":"product_tag-vida-de-un-maestro","34":"first","35":"instock","36":"taxable","37":"shipping-taxable","38":"product-type-simple"},"_links":{"self":[{"href":"https:\/\/www.cienciaydescubrimiento.com\/editorial\/wp-json\/wp\/v2\/product\/947","targetHints":{"allow":["GET"]}}],"collection":[{"href":"https:\/\/www.cienciaydescubrimiento.com\/editorial\/wp-json\/wp\/v2\/product"}],"about":[{"href":"https:\/\/www.cienciaydescubrimiento.com\/editorial\/wp-json\/wp\/v2\/types\/product"}],"replies":[{"embeddable":true,"href":"https:\/\/www.cienciaydescubrimiento.com\/editorial\/wp-json\/wp\/v2\/comments?post=947"}],"wp:featuredmedia":[{"embeddable":true,"href":"https:\/\/www.cienciaydescubrimiento.com\/editorial\/wp-json\/wp\/v2\/media\/1241"}],"wp:attachment":[{"href":"https:\/\/www.cienciaydescubrimiento.com\/editorial\/wp-json\/wp\/v2\/media?parent=947"}],"wp:term":[{"taxonomy":"product_brand","embeddable":true,"href":"https:\/\/www.cienciaydescubrimiento.com\/editorial\/wp-json\/wp\/v2\/product_brand?post=947"},{"taxonomy":"product_cat","embeddable":true,"href":"https:\/\/www.cienciaydescubrimiento.com\/editorial\/wp-json\/wp\/v2\/product_cat?post=947"},{"taxonomy":"product_tag","embeddable":true,"href":"https:\/\/www.cienciaydescubrimiento.com\/editorial\/wp-json\/wp\/v2\/product_tag?post=947"}],"curies":[{"name":"wp","href":"https:\/\/api.w.org\/{rel}","templated":true}]}}